{"id":6816,"date":"2025-08-11T09:40:00","date_gmt":"2025-08-11T09:40:00","guid":{"rendered":"https:\/\/cpuat-wpms-f3dbepfje4etebdn.centralus-01.azurewebsites.net\/?page_id=6816"},"modified":"2025-09-16T08:44:15","modified_gmt":"2025-09-16T08:44:15","slug":"website-accessibility","status":"publish","type":"page","link":"https:\/\/www.consumerdirectcare.com\/vi\/website-accessibility\/","title":{"rendered":"Kh\u1ea3 n\u0103ng truy c\u1eadp trang web"},"content":{"rendered":"<h3 class=\"wp-block-heading has-text-align-center heading_spaces_main_heading\">Kh\u1ea3 n\u0103ng truy c\u1eadp trang web<\/h3>\n\n\n\n<p>M\u1ea1ng l\u01b0\u1edbi Ch\u0103m s\u00f3c Kh\u00e1ch h\u00e0ng Tr\u1ef1c ti\u1ebfp (Consumer Direct Care Network) cam k\u1ebft l\u00e0m cho trang web c\u1ee7a ch\u00fang t\u00f4i d\u1ec5 ti\u1ebfp c\u1eadn v\u1edbi nhi\u1ec1u \u0111\u1ed1i t\u01b0\u1ee3ng nh\u1ea5t c\u00f3 th\u1ec3, bao g\u1ed3m c\u1ea3 ng\u01b0\u1eddi khuy\u1ebft t\u1eadt. \u0110\u1ec3 \u0111\u1ea3m b\u1ea3o m\u1ecdi ng\u01b0\u1eddi \u0111\u1ec1u c\u00f3 th\u1ec3 truy c\u1eadp n\u1ed9i dung trang web, ch\u00fang t\u00f4i \u0111\u00e3 th\u1ef1c hi\u1ec7n c\u00e1c b\u01b0\u1edbc \u0111\u1ec3 l\u00e0m cho trang web tr\u1edf n\u00ean tr\u1ef1c quan v\u00e0 d\u1ec5 \u0111i\u1ec1u h\u01b0\u1edbng h\u01a1n th\u00f4ng qua b\u00e0n ph\u00edm. Ng\u01b0\u1eddi d\u00f9ng c\u00f3 th\u1ec3 s\u1eed d\u1ee5ng n\u00fat Tab \u0111\u1ec3 di chuy\u1ec3n t\u1edbi lui gi\u1eefa c\u00e1c trang tr\u00ean trang web.<\/p>\n\n\n\n<p>Khi c\u00f4ng ngh\u1ec7 v\u00e0 c\u00f4ng c\u1ee5 ph\u00e1t tri\u1ec3n, ch\u00fang t\u00f4i li\u00ean t\u1ee5c t\u00ecm ki\u1ebfm c\u00e1c c\u00e1ch \u0111\u1ec3 c\u1eadp nh\u1eadt v\u00e0 c\u1ea3i thi\u1ec7n kh\u1ea3 n\u0103ng truy c\u1eadp v\u00e0o trang web c\u1ee7a m\u00ecnh.<\/p>\n\n\n\n<p>N\u1ebfu b\u1ea1n c\u00f3 v\u1ea5n \u0111\u1ec1 v\u1ec1 quy\u1ec1n truy c\u1eadp\/ch\u1ee9c n\u0103ng ho\u1eb7c th\u1eafc m\u1eafc th\u00eam, vui l\u00f2ng li\u00ean h\u1ec7 <a href=\"tel:888-532-1907\">888-532-1907<\/a>.<\/p>\n\n\n\n<p><\/p>","protected":false},"excerpt":{"rendered":"<p>Trang web th\u00e2n thi\u1ec7n v\u1edbi ng\u01b0\u1eddi d\u00f9ng M\u1ea1ng l\u01b0\u1edbi Ch\u0103m s\u00f3c Tr\u1ef1c ti\u1ebfp cho Ng\u01b0\u1eddi ti\u00eau d\u00f9ng cam k\u1ebft l\u00e0m cho trang web c\u1ee7a ch\u00fang t\u00f4i tr\u1edf n\u00ean th\u00e2n thi\u1ec7n v\u1edbi ng\u01b0\u1eddi d\u00f9ng nh\u1ea5t c\u00f3 th\u1ec3, bao g\u1ed3m c\u1ea3 nh\u1eefng ng\u01b0\u1eddi khuy\u1ebft t\u1eadt. \u0110\u1ec3 \u0111\u1ea3m b\u1ea3o m\u1ecdi ng\u01b0\u1eddi \u0111\u1ec1u c\u00f3 th\u1ec3 truy c\u1eadp n\u1ed9i dung trang web c\u1ee7a ch\u00fang t\u00f4i, ch\u00fang t\u00f4i \u0111\u00e3 th\u1ef1c hi\u1ec7n c\u00e1c b\u01b0\u1edbc \u0111\u1ec3 l\u00e0m cho trang web tr\u1edf n\u00ean m\u00f4 t\u1ea3 chi ti\u1ebft h\u01a1n v\u00e0 d\u1ec5 \u0111i\u1ec1u h\u01b0\u1edbng h\u01a1n th\u00f4ng qua vi\u1ec7c s\u1eed d\u1ee5ng b\u00e0n ph\u00edm. Ng\u01b0\u1eddi d\u00f9ng c\u00f3 th\u1ec3 s\u1eed d\u1ee5ng [\u2026]<\/p>","protected":false},"author":8,"featured_media":0,"parent":0,"menu_order":0,"comment_status":"closed","ping_status":"closed","template":"","meta":{"_acf_changed":false,"footnotes":""},"class_list":["post-6816","page","type-page","status-publish","hentry"],"acf":[],"yoast_head":"<!-- This site is optimized with the Yoast SEO plugin v26.0 - https:\/\/yoast.com\/wordpress\/plugins\/seo\/ -->\n<title>Website Accessibility - Consumer Direct Care<\/title>\n<meta name=\"robots\" content=\"index, follow, max-snippet:-1, max-image-preview:large, max-video-preview:-1\" \/>\n<link rel=\"canonical\" href=\"https:\/\/www.consumerdirectcare.com\/vi\/website-accessibility\/\" \/>\n<meta property=\"og:locale\" content=\"vi_VN\" \/>\n<meta property=\"og:type\" content=\"article\" \/>\n<meta property=\"og:title\" content=\"Website Accessibility - Consumer Direct Care\" \/>\n<meta property=\"og:description\" content=\"Website Accessibility Consumer Direct Care Network is committed to making our website accessible to the widest possible audience, including individuals with disabilities. To ensure everyone can access the content of our site, we have taken steps to make our site more descriptive and more navigable through the use of a keyboard. Users can use the [&hellip;]\" \/>\n<meta property=\"og:url\" content=\"https:\/\/www.consumerdirectcare.com\/vi\/website-accessibility\/\" \/>\n<meta property=\"og:site_name\" content=\"Consumer Direct Care\" \/>\n<meta property=\"article:modified_time\" content=\"2025-09-16T08:44:15+00:00\" \/>\n<meta name=\"twitter:card\" content=\"summary_large_image\" \/>\n<meta name=\"twitter:label1\" content=\"\u01af\u1edbc t\u00ednh th\u1eddi gian \u0111\u1ecdc\" \/>\n\t<meta name=\"twitter:data1\" content=\"1 ph\u00fat\" \/>\n<script type=\"application\/ld+json\" class=\"yoast-schema-graph\">{\"@context\":\"https:\/\/schema.org\",\"@graph\":[{\"@type\":\"WebPage\",\"@id\":\"https:\/\/www.consumerdirectcare.com\/website-accessibility\/\",\"url\":\"https:\/\/www.consumerdirectcare.com\/website-accessibility\/\",\"name\":\"Website Accessibility - Consumer Direct Care\",\"isPartOf\":{\"@id\":\"https:\/\/www.consumerdirectcare.com\/#website\"},\"datePublished\":\"2025-08-11T09:40:00+00:00\",\"dateModified\":\"2025-09-16T08:44:15+00:00\",\"breadcrumb\":{\"@id\":\"https:\/\/www.consumerdirectcare.com\/website-accessibility\/#breadcrumb\"},\"inLanguage\":\"vi\",\"potentialAction\":[{\"@type\":\"ReadAction\",\"target\":[\"https:\/\/www.consumerdirectcare.com\/website-accessibility\/\"]}]},{\"@type\":\"BreadcrumbList\",\"@id\":\"https:\/\/www.consumerdirectcare.com\/website-accessibility\/#breadcrumb\",\"itemListElement\":[{\"@type\":\"ListItem\",\"position\":1,\"name\":\"Home\",\"item\":\"https:\/\/www.consumerdirectcare.com\/\"},{\"@type\":\"ListItem\",\"position\":2,\"name\":\"Website Accessibility\"}]},{\"@type\":\"WebSite\",\"@id\":\"https:\/\/www.consumerdirectcare.com\/#website\",\"url\":\"https:\/\/www.consumerdirectcare.com\/\",\"name\":\"Consumer Direct Care\",\"description\":\"\",\"publisher\":{\"@id\":\"https:\/\/www.consumerdirectcare.com\/#organization\"},\"potentialAction\":[{\"@type\":\"SearchAction\",\"target\":{\"@type\":\"EntryPoint\",\"urlTemplate\":\"https:\/\/www.consumerdirectcare.com\/?s={search_term_string}\"},\"query-input\":{\"@type\":\"PropertyValueSpecification\",\"valueRequired\":true,\"valueName\":\"search_term_string\"}}],\"inLanguage\":\"vi\"},{\"@type\":\"Organization\",\"@id\":\"https:\/\/www.consumerdirectcare.com\/#organization\",\"name\":\"Consumer Direct Care\",\"url\":\"https:\/\/www.consumerdirectcare.com\/\",\"logo\":{\"@type\":\"ImageObject\",\"inLanguage\":\"vi\",\"@id\":\"https:\/\/www.consumerdirectcare.com\/#\/schema\/logo\/image\/\",\"url\":\"https:\/\/www.consumerdirectcare.com\/wp-content\/uploads\/2025\/05\/CDCN-Logo-dark.png\",\"contentUrl\":\"https:\/\/www.consumerdirectcare.com\/wp-content\/uploads\/2025\/05\/CDCN-Logo-dark.png\",\"width\":158,\"height\":48,\"caption\":\"Consumer Direct Care\"},\"image\":{\"@id\":\"https:\/\/www.consumerdirectcare.com\/#\/schema\/logo\/image\/\"}}]}<\/script>\n<!-- \/ Yoast SEO plugin. -->","yoast_head_json":{"title":"Trang web th\u00e2n thi\u1ec7n v\u1edbi ng\u01b0\u1eddi d\u00f9ng - D\u1ecbch v\u1ee5 ch\u0103m s\u00f3c tr\u1ef1c ti\u1ebfp cho ng\u01b0\u1eddi ti\u00eau d\u00f9ng","robots":{"index":"index","follow":"follow","max-snippet":"max-snippet:-1","max-image-preview":"max-image-preview:large","max-video-preview":"max-video-preview:-1"},"canonical":"https:\/\/www.consumerdirectcare.com\/vi\/website-accessibility\/","og_locale":"vi_VN","og_type":"article","og_title":"Website Accessibility - Consumer Direct Care","og_description":"Website Accessibility Consumer Direct Care Network is committed to making our website accessible to the widest possible audience, including individuals with disabilities. To ensure everyone can access the content of our site, we have taken steps to make our site more descriptive and more navigable through the use of a keyboard. Users can use the [&hellip;]","og_url":"https:\/\/www.consumerdirectcare.com\/vi\/website-accessibility\/","og_site_name":"Consumer Direct Care","article_modified_time":"2025-09-16T08:44:15+00:00","twitter_card":"summary_large_image","twitter_misc":{"\u01af\u1edbc t\u00ednh th\u1eddi gian \u0111\u1ecdc":"1 ph\u00fat"},"schema":{"@context":"https:\/\/schema.org","@graph":[{"@type":"WebPage","@id":"https:\/\/www.consumerdirectcare.com\/website-accessibility\/","url":"https:\/\/www.consumerdirectcare.com\/website-accessibility\/","name":"Trang web th\u00e2n thi\u1ec7n v\u1edbi ng\u01b0\u1eddi d\u00f9ng - D\u1ecbch v\u1ee5 ch\u0103m s\u00f3c tr\u1ef1c ti\u1ebfp cho ng\u01b0\u1eddi ti\u00eau d\u00f9ng","isPartOf":{"@id":"https:\/\/www.consumerdirectcare.com\/#website"},"datePublished":"2025-08-11T09:40:00+00:00","dateModified":"2025-09-16T08:44:15+00:00","breadcrumb":{"@id":"https:\/\/www.consumerdirectcare.com\/website-accessibility\/#breadcrumb"},"inLanguage":"vi","potentialAction":[{"@type":"ReadAction","target":["https:\/\/www.consumerdirectcare.com\/website-accessibility\/"]}]},{"@type":"BreadcrumbList","@id":"https:\/\/www.consumerdirectcare.com\/website-accessibility\/#breadcrumb","itemListElement":[{"@type":"ListItem","position":1,"name":"Home","item":"https:\/\/www.consumerdirectcare.com\/"},{"@type":"ListItem","position":2,"name":"Website Accessibility"}]},{"@type":"WebSite","@id":"https:\/\/www.consumerdirectcare.com\/#website","url":"https:\/\/www.consumerdirectcare.com\/","name":"Ch\u0103m s\u00f3c tr\u1ef1c ti\u1ebfp ng\u01b0\u1eddi ti\u00eau d\u00f9ng","description":"","publisher":{"@id":"https:\/\/www.consumerdirectcare.com\/#organization"},"potentialAction":[{"@type":"SearchAction","target":{"@type":"EntryPoint","urlTemplate":"https:\/\/www.consumerdirectcare.com\/?s={search_term_string}"},"query-input":{"@type":"PropertyValueSpecification","valueRequired":true,"valueName":"search_term_string"}}],"inLanguage":"vi"},{"@type":"Organization","@id":"https:\/\/www.consumerdirectcare.com\/#organization","name":"Ch\u0103m s\u00f3c tr\u1ef1c ti\u1ebfp ng\u01b0\u1eddi ti\u00eau d\u00f9ng","url":"https:\/\/www.consumerdirectcare.com\/","logo":{"@type":"ImageObject","inLanguage":"vi","@id":"https:\/\/www.consumerdirectcare.com\/#\/schema\/logo\/image\/","url":"https:\/\/www.consumerdirectcare.com\/wp-content\/uploads\/2025\/05\/CDCN-Logo-dark.png","contentUrl":"https:\/\/www.consumerdirectcare.com\/wp-content\/uploads\/2025\/05\/CDCN-Logo-dark.png","width":158,"height":48,"caption":"Consumer Direct Care"},"image":{"@id":"https:\/\/www.consumerdirectcare.com\/#\/schema\/logo\/image\/"}}]}},"_links":{"self":[{"href":"https:\/\/www.consumerdirectcare.com\/vi\/wp-json\/wp\/v2\/pages\/6816","targetHints":{"allow":["GET"]}}],"collection":[{"href":"https:\/\/www.consumerdirectcare.com\/vi\/wp-json\/wp\/v2\/pages"}],"about":[{"href":"https:\/\/www.consumerdirectcare.com\/vi\/wp-json\/wp\/v2\/types\/page"}],"author":[{"embeddable":true,"href":"https:\/\/www.consumerdirectcare.com\/vi\/wp-json\/wp\/v2\/users\/8"}],"replies":[{"embeddable":true,"href":"https:\/\/www.consumerdirectcare.com\/vi\/wp-json\/wp\/v2\/comments?post=6816"}],"version-history":[{"count":0,"href":"https:\/\/www.consumerdirectcare.com\/vi\/wp-json\/wp\/v2\/pages\/6816\/revisions"}],"wp:attachment":[{"href":"https:\/\/www.consumerdirectcare.com\/vi\/wp-json\/wp\/v2\/media?parent=6816"}],"curies":[{"name":"wp","href":"https:\/\/api.w.org\/{rel}","templated":true}]}}