{"id":6053,"date":"2025-07-15T06:48:08","date_gmt":"2025-07-15T06:48:08","guid":{"rendered":"https:\/\/cpuat-wpms-f3dbepfje4etebdn.centralus-01.azurewebsites.net\/?page_id=6053"},"modified":"2026-03-13T09:56:38","modified_gmt":"2026-03-13T09:56:38","slug":"search","status":"publish","type":"page","link":"https:\/\/www.consumerdirectcare.com\/vi\/search\/","title":{"rendered":"T\u00ecm ki\u1ebfm"},"content":{"rendered":"<div data-elementor-type=\"wp-page\" data-elementor-id=\"6053\" class=\"elementor elementor-6053\" data-elementor-post-type=\"page\">\n\t\t\t\t<div class=\"elementor-element elementor-element-05256e6 e-flex e-con-boxed e-con e-parent\" data-id=\"05256e6\" data-element_type=\"container\">\n\t\t\t\t\t<div class=\"e-con-inner\">\n\t\t\t\t<div class=\"elementor-element elementor-element-4b4130b elementor-widget elementor-widget-heading\" data-id=\"4b4130b\" data-element_type=\"widget\" data-widget_type=\"heading.default\">\n\t\t\t\t\t<h1 class=\"elementor-heading-title elementor-size-default\">K\u1ebft qu\u1ea3 t\u00ecm ki\u1ebfm<\/h1>\t\t\t\t<\/div>\n\t\t\t\t\t<\/div>\n\t\t\t\t<\/div>\n\t\t<div class=\"elementor-element elementor-element-5384ccc e-flex e-con-boxed e-con e-parent\" data-id=\"5384ccc\" data-element_type=\"container\">\n\t\t\t\t\t<div class=\"e-con-inner\">\n\t\t<div class=\"elementor-element elementor-element-32679c3 e-con-full e-flex e-con e-child\" data-id=\"32679c3\" data-element_type=\"container\">\n\t\t<div class=\"elementor-element elementor-element-3e6570b e-con-full e-flex e-con e-child\" data-id=\"3e6570b\" data-element_type=\"container\" data-settings=\"{&quot;background_background&quot;:&quot;classic&quot;}\">\n\t\t\t\t<div class=\"elementor-element elementor-element-fe0793e elementor-widget elementor-widget-heading\" data-id=\"fe0793e\" data-element_type=\"widget\" data-widget_type=\"heading.default\">\n\t\t\t\t\t<h2 class=\"elementor-heading-title elementor-size-default\">Li\u00ean h\u1ec7 v\u1edbi ch\u00fang t\u00f4i<\/h2>\t\t\t\t<\/div>\n\t\t\t\t<div class=\"elementor-element elementor-element-04d04d8 elementor-widget elementor-widget-text-editor\" data-id=\"04d04d8\" data-element_type=\"widget\" data-widget_type=\"text-editor.default\">\n\t\t\t\t\t\t\t\t\t<div><strong>M\u1ea1ng l\u01b0\u1edbi ch\u0103m s\u00f3c tr\u1ef1c ti\u1ebfp cho ng\u01b0\u1eddi ti\u00eau d\u00f9ng<\/strong><\/div><div>100 C\u00e1ch th\u1ee9c tr\u1ef1c ti\u1ebfp c\u1ee7a ng\u01b0\u1eddi ti\u00eau d\u00f9ng<\/div><div>Missoula, MT 59808<\/div>\t\t\t\t\t\t\t\t<\/div>\n\t\t\t\t<div class=\"elementor-element elementor-element-1d81279 elementor-position-inline-start contact-page-listicons elementor-mobile-position-block-start elementor-view-default elementor-widget elementor-widget-icon-box\" data-id=\"1d81279\" data-element_type=\"widget\" data-widget_type=\"icon-box.default\">\n\t\t\t\t\t\t\t<div class=\"elementor-icon-box-wrapper\">\n\n\t\t\t\t\t\t<div class=\"elementor-icon-box-icon\">\n\t\t\t\t<a href=\"mailto:Info@ConsumerDirectCare.com\" class=\"elementor-icon\" tabindex=\"-1\" aria-label=\"Th\u00f4ng tin@ConsumerDirectCare.com\">\n\t\t\t\t<svg xmlns=\"http:\/\/www.w3.org\/2000\/svg\" width=\"48\" height=\"48\" viewbox=\"0 0 48 48\" fill=\"none\"><circle cx=\"24\" cy=\"24\" r=\"24\" fill=\"white\"><\/circle><path d=\"M16 32C15.45 32 14.9792 31.8042 14.5875 31.4125C14.1958 31.0208 14 30.55 14 30V18C14 17.45 14.1958 16.9792 14.5875 16.5875C14.9792 16.1958 15.45 16 16 16H32C32.55 16 33.0208 16.1958 33.4125 16.5875C33.8042 16.9792 34 17.45 34 18V30C34 30.55 33.8042 31.0208 33.4125 31.4125C33.0208 31.8042 32.55 32 32 32H16ZM24 25L16 20V30H32V20L24 25ZM24 23L32 18H16L24 23ZM16 20V18V30V20Z\" fill=\"#003764\"><\/path><\/svg>\t\t\t\t<\/a>\n\t\t\t<\/div>\n\t\t\t\n\t\t\t\t\t\t<div class=\"elementor-icon-box-content\">\n\n\t\t\t\t\t\t\t\t\t<div class=\"elementor-icon-box-title\">\n\t\t\t\t\t\t<a href=\"mailto:Info@ConsumerDirectCare.com\" >\n\t\t\t\t\t\t\tTh\u00f4ng tin@ConsumerDirectCare.com\t\t\t\t\t\t<\/a>\n\t\t\t\t\t<\/div>\n\t\t\t\t\n\t\t\t\t\n\t\t\t<\/div>\n\t\t\t\n\t\t<\/div>\n\t\t\t\t\t\t<\/div>\n\t\t\t\t<\/div>\n\t\t\t\t<\/div>\n\t\t<div class=\"elementor-element elementor-element-632823d e-con-full e-flex e-con e-child\" data-id=\"632823d\" data-element_type=\"container\">\n\t\t\t\t<div class=\"elementor-element elementor-element-163ea7f search-page-results-block elementor-widget elementor-widget-shortcode\" data-id=\"163ea7f\" data-element_type=\"widget\" data-widget_type=\"shortcode.default\">\n\t\t\t\t\t\t\t<div class=\"elementor-shortcode\">\t\n<\/div>\n\t\t\t\t\t\t<\/div>\n\t\t\t\t<\/div>\n\t\t\t\t\t<\/div>\n\t\t\t\t<\/div>\n\t\t\t\t<\/div>","protected":false},"excerpt":{"rendered":"<p>K\u1ebft qu\u1ea3 t\u00ecm ki\u1ebfm Li\u00ean h\u1ec7 v\u1edbi ch\u00fang t\u00f4i M\u1ea1ng l\u01b0\u1edbi Ch\u0103m s\u00f3c Kh\u00e1ch h\u00e0ng Tr\u1ef1c ti\u1ebfp100 Consumer Direct WayMissoula, MT 59808 Info@ConsumerDirectCare.com<\/p>","protected":false},"author":2,"featured_media":0,"parent":0,"menu_order":0,"comment_status":"closed","ping_status":"closed","template":"","meta":{"_acf_changed":false,"footnotes":""},"class_list":["post-6053","page","type-page","status-publish","hentry"],"acf":[],"yoast_head":"<!-- This site is optimized with the Yoast SEO plugin v26.0 - https:\/\/yoast.com\/wordpress\/plugins\/seo\/ -->\n<title>Search - Consumer Direct Care<\/title>\n<meta name=\"robots\" content=\"index, follow, max-snippet:-1, max-image-preview:large, max-video-preview:-1\" \/>\n<link rel=\"canonical\" href=\"https:\/\/www.consumerdirectcare.com\/vi\/search\/\" \/>\n<meta property=\"og:locale\" content=\"vi_VN\" \/>\n<meta property=\"og:type\" content=\"article\" \/>\n<meta property=\"og:title\" content=\"Search - Consumer Direct Care\" \/>\n<meta property=\"og:description\" content=\"Search Results Contact Us Consumer Direct Care Network100 Consumer Direct WayMissoula, MT 59808 Info@ConsumerDirectCare.com\" \/>\n<meta property=\"og:url\" content=\"https:\/\/www.consumerdirectcare.com\/vi\/search\/\" \/>\n<meta property=\"og:site_name\" content=\"Consumer Direct Care\" \/>\n<meta property=\"article:modified_time\" content=\"2026-03-13T09:56:38+00:00\" \/>\n<meta name=\"twitter:card\" content=\"summary_large_image\" \/>\n<meta name=\"twitter:label1\" content=\"\u01af\u1edbc t\u00ednh th\u1eddi gian \u0111\u1ecdc\" \/>\n\t<meta name=\"twitter:data1\" content=\"1 ph\u00fat\" \/>\n<script type=\"application\/ld+json\" class=\"yoast-schema-graph\">{\"@context\":\"https:\/\/schema.org\",\"@graph\":[{\"@type\":\"WebPage\",\"@id\":\"https:\/\/www.consumerdirectcare.com\/search\/\",\"url\":\"https:\/\/www.consumerdirectcare.com\/search\/\",\"name\":\"Search - Consumer Direct Care\",\"isPartOf\":{\"@id\":\"https:\/\/www.consumerdirectcare.com\/#website\"},\"datePublished\":\"2025-07-15T06:48:08+00:00\",\"dateModified\":\"2026-03-13T09:56:38+00:00\",\"breadcrumb\":{\"@id\":\"https:\/\/www.consumerdirectcare.com\/search\/#breadcrumb\"},\"inLanguage\":\"vi\",\"potentialAction\":[{\"@type\":\"ReadAction\",\"target\":[\"https:\/\/www.consumerdirectcare.com\/search\/\"]}]},{\"@type\":\"BreadcrumbList\",\"@id\":\"https:\/\/www.consumerdirectcare.com\/search\/#breadcrumb\",\"itemListElement\":[{\"@type\":\"ListItem\",\"position\":1,\"name\":\"Home\",\"item\":\"https:\/\/www.consumerdirectcare.com\/\"},{\"@type\":\"ListItem\",\"position\":2,\"name\":\"Search\"}]},{\"@type\":\"WebSite\",\"@id\":\"https:\/\/www.consumerdirectcare.com\/#website\",\"url\":\"https:\/\/www.consumerdirectcare.com\/\",\"name\":\"Consumer Direct Care\",\"description\":\"\",\"publisher\":{\"@id\":\"https:\/\/www.consumerdirectcare.com\/#organization\"},\"potentialAction\":[{\"@type\":\"SearchAction\",\"target\":{\"@type\":\"EntryPoint\",\"urlTemplate\":\"https:\/\/www.consumerdirectcare.com\/?s={search_term_string}\"},\"query-input\":{\"@type\":\"PropertyValueSpecification\",\"valueRequired\":true,\"valueName\":\"search_term_string\"}}],\"inLanguage\":\"vi\"},{\"@type\":\"Organization\",\"@id\":\"https:\/\/www.consumerdirectcare.com\/#organization\",\"name\":\"Consumer Direct Care\",\"url\":\"https:\/\/www.consumerdirectcare.com\/\",\"logo\":{\"@type\":\"ImageObject\",\"inLanguage\":\"vi\",\"@id\":\"https:\/\/www.consumerdirectcare.com\/#\/schema\/logo\/image\/\",\"url\":\"https:\/\/www.consumerdirectcare.com\/wp-content\/uploads\/2025\/05\/CDCN-Logo-dark.png\",\"contentUrl\":\"https:\/\/www.consumerdirectcare.com\/wp-content\/uploads\/2025\/05\/CDCN-Logo-dark.png\",\"width\":158,\"height\":48,\"caption\":\"Consumer Direct Care\"},\"image\":{\"@id\":\"https:\/\/www.consumerdirectcare.com\/#\/schema\/logo\/image\/\"}}]}<\/script>\n<!-- \/ Yoast SEO plugin. -->","yoast_head_json":{"title":"T\u00ecm ki\u1ebfm - Ch\u0103m s\u00f3c tr\u1ef1c ti\u1ebfp cho ng\u01b0\u1eddi ti\u00eau d\u00f9ng","robots":{"index":"index","follow":"follow","max-snippet":"max-snippet:-1","max-image-preview":"max-image-preview:large","max-video-preview":"max-video-preview:-1"},"canonical":"https:\/\/www.consumerdirectcare.com\/vi\/search\/","og_locale":"vi_VN","og_type":"article","og_title":"Search - Consumer Direct Care","og_description":"Search Results Contact Us Consumer Direct Care Network100 Consumer Direct WayMissoula, MT 59808 Info@ConsumerDirectCare.com","og_url":"https:\/\/www.consumerdirectcare.com\/vi\/search\/","og_site_name":"Consumer Direct Care","article_modified_time":"2026-03-13T09:56:38+00:00","twitter_card":"summary_large_image","twitter_misc":{"\u01af\u1edbc t\u00ednh th\u1eddi gian \u0111\u1ecdc":"1 ph\u00fat"},"schema":{"@context":"https:\/\/schema.org","@graph":[{"@type":"WebPage","@id":"https:\/\/www.consumerdirectcare.com\/search\/","url":"https:\/\/www.consumerdirectcare.com\/search\/","name":"T\u00ecm ki\u1ebfm - Ch\u0103m s\u00f3c tr\u1ef1c ti\u1ebfp cho ng\u01b0\u1eddi ti\u00eau d\u00f9ng","isPartOf":{"@id":"https:\/\/www.consumerdirectcare.com\/#website"},"datePublished":"2025-07-15T06:48:08+00:00","dateModified":"2026-03-13T09:56:38+00:00","breadcrumb":{"@id":"https:\/\/www.consumerdirectcare.com\/search\/#breadcrumb"},"inLanguage":"vi","potentialAction":[{"@type":"ReadAction","target":["https:\/\/www.consumerdirectcare.com\/search\/"]}]},{"@type":"BreadcrumbList","@id":"https:\/\/www.consumerdirectcare.com\/search\/#breadcrumb","itemListElement":[{"@type":"ListItem","position":1,"name":"Home","item":"https:\/\/www.consumerdirectcare.com\/"},{"@type":"ListItem","position":2,"name":"Search"}]},{"@type":"WebSite","@id":"https:\/\/www.consumerdirectcare.com\/#website","url":"https:\/\/www.consumerdirectcare.com\/","name":"Ch\u0103m s\u00f3c tr\u1ef1c ti\u1ebfp ng\u01b0\u1eddi ti\u00eau d\u00f9ng","description":"","publisher":{"@id":"https:\/\/www.consumerdirectcare.com\/#organization"},"potentialAction":[{"@type":"SearchAction","target":{"@type":"EntryPoint","urlTemplate":"https:\/\/www.consumerdirectcare.com\/?s={search_term_string}"},"query-input":{"@type":"PropertyValueSpecification","valueRequired":true,"valueName":"search_term_string"}}],"inLanguage":"vi"},{"@type":"Organization","@id":"https:\/\/www.consumerdirectcare.com\/#organization","name":"Ch\u0103m s\u00f3c tr\u1ef1c ti\u1ebfp ng\u01b0\u1eddi ti\u00eau d\u00f9ng","url":"https:\/\/www.consumerdirectcare.com\/","logo":{"@type":"ImageObject","inLanguage":"vi","@id":"https:\/\/www.consumerdirectcare.com\/#\/schema\/logo\/image\/","url":"https:\/\/www.consumerdirectcare.com\/wp-content\/uploads\/2025\/05\/CDCN-Logo-dark.png","contentUrl":"https:\/\/www.consumerdirectcare.com\/wp-content\/uploads\/2025\/05\/CDCN-Logo-dark.png","width":158,"height":48,"caption":"Consumer Direct Care"},"image":{"@id":"https:\/\/www.consumerdirectcare.com\/#\/schema\/logo\/image\/"}}]}},"_links":{"self":[{"href":"https:\/\/www.consumerdirectcare.com\/vi\/wp-json\/wp\/v2\/pages\/6053","targetHints":{"allow":["GET"]}}],"collection":[{"href":"https:\/\/www.consumerdirectcare.com\/vi\/wp-json\/wp\/v2\/pages"}],"about":[{"href":"https:\/\/www.consumerdirectcare.com\/vi\/wp-json\/wp\/v2\/types\/page"}],"author":[{"embeddable":true,"href":"https:\/\/www.consumerdirectcare.com\/vi\/wp-json\/wp\/v2\/users\/2"}],"replies":[{"embeddable":true,"href":"https:\/\/www.consumerdirectcare.com\/vi\/wp-json\/wp\/v2\/comments?post=6053"}],"version-history":[{"count":15,"href":"https:\/\/www.consumerdirectcare.com\/vi\/wp-json\/wp\/v2\/pages\/6053\/revisions"}],"predecessor-version":[{"id":9708,"href":"https:\/\/www.consumerdirectcare.com\/vi\/wp-json\/wp\/v2\/pages\/6053\/revisions\/9708"}],"wp:attachment":[{"href":"https:\/\/www.consumerdirectcare.com\/vi\/wp-json\/wp\/v2\/media?parent=6053"}],"curies":[{"name":"wp","href":"https:\/\/api.w.org\/{rel}","templated":true}]}}