{"id":5041,"date":"2025-06-25T12:19:38","date_gmt":"2025-06-25T12:19:38","guid":{"rendered":"https:\/\/cpuat-wpms-f3dbepfje4etebdn.centralus-01.azurewebsites.net\/?page_id=5041"},"modified":"2026-03-05T09:22:49","modified_gmt":"2026-03-05T09:22:49","slug":"sharing-the-care","status":"publish","type":"page","link":"https:\/\/www.consumerdirectcare.com\/vi\/sharing-the-care\/","title":{"rendered":"Chia s\u1ebb s\u1ef1 ch\u0103m s\u00f3c"},"content":{"rendered":"<div data-elementor-type=\"wp-page\" data-elementor-id=\"5041\" class=\"elementor elementor-5041\" data-elementor-post-type=\"page\">\n\t\t\t\t<div class=\"elementor-element elementor-element-2937a98 e-con-full elementor-hidden-desktop e-flex e-con e-parent\" data-id=\"2937a98\" data-element_type=\"container\" data-settings=\"{&quot;background_background&quot;:&quot;classic&quot;}\">\n\t\t\t\t<div class=\"elementor-element elementor-element-93af4c0 elementor-widget elementor-widget-n-accordion\" data-id=\"93af4c0\" data-element_type=\"widget\" data-settings=\"{&quot;default_state&quot;:&quot;all_collapsed&quot;,&quot;max_items_expended&quot;:&quot;one&quot;,&quot;n_accordion_animation_duration&quot;:{&quot;unit&quot;:&quot;ms&quot;,&quot;size&quot;:400,&quot;sizes&quot;:[]}}\" data-widget_type=\"nested-accordion.default\">\n\t\t\t\t\t\t\t<div class=\"e-n-accordion\" aria-label=\"Accordion. M\u1edf li\u00ean k\u1ebft b\u1eb1ng ph\u00edm Enter ho\u1eb7c Space, \u0111\u00f3ng b\u1eb1ng ph\u00edm Escape v\u00e0 \u0111i\u1ec1u h\u01b0\u1edbng b\u1eb1ng ph\u00edm m\u0169i t\u00ean\">\n\t\t\t\t\t\t<details id=\"e-n-accordion-item-1540\" class=\"e-n-accordion-item\" >\n\t\t\t\t<summary class=\"e-n-accordion-item-title\" data-accordion-index=\"1\" tabindex=\"0\" aria-expanded=\"false\" aria-controls=\"e-n-accordion-item-1540\" >\n\t\t\t\t\t<span class='e-n-accordion-item-title-header'><div class=\"e-n-accordion-item-title-text\"> Ch\u1ecdn m\u1ee5c <\/div><\/span>\n\t\t\t\t\t\t\t\t\t<\/summary>\n\t\t\t\t<div role=\"region\" aria-labelledby=\"e-n-accordion-item-1540\" class=\"elementor-element elementor-element-95f73e5 e-con-full e-flex e-con e-child\" data-id=\"95f73e5\" data-element_type=\"container\">\n\t\t\t\t<div class=\"elementor-element elementor-element-c9c3839 sticky-list-mb elementor-icon-list--layout-traditional elementor-list-item-link-full_width elementor-widget elementor-widget-icon-list\" data-id=\"c9c3839\" data-element_type=\"widget\" data-widget_type=\"icon-list.default\">\n\t\t\t\t\t\t\t<ul class=\"elementor-icon-list-items\">\n\t\t\t\t\t\t\t<li class=\"elementor-icon-list-item\">\n\t\t\t\t\t\t\t\t\t\t\t<a href=\"#sharing-the-care\">\n\n\t\t\t\t\t\t\t\t\t\t\t<span class=\"elementor-icon-list-text\">Chia s\u1ebb s\u1ef1 ch\u0103m s\u00f3c<\/span>\n\t\t\t\t\t\t\t\t\t\t\t<\/a>\n\t\t\t\t\t\t\t\t\t<\/li>\n\t\t\t\t\t\t\t\t<li class=\"elementor-icon-list-item\">\n\t\t\t\t\t\t\t\t\t\t\t<a href=\"#the-amazing-traits-of-dsp\">\n\n\t\t\t\t\t\t\t\t\t\t\t<span class=\"elementor-icon-list-text\">Nh\u1eefng \u0111\u1eb7c \u0111i\u1ec3m tuy\u1ec7t v\u1eddi c\u1ee7a DSP<\/span>\n\t\t\t\t\t\t\t\t\t\t\t<\/a>\n\t\t\t\t\t\t\t\t\t<\/li>\n\t\t\t\t\t\t<\/ul>\n\t\t\t\t\t\t<\/div>\n\t\t\t\t<\/div>\n\t\t\t\t\t<\/details>\n\t\t\t\t\t<\/div>\n\t\t\t\t\t\t<\/div>\n\t\t\t\t<\/div>\n\t\t<div class=\"elementor-element elementor-element-78bb324 e-con-full e-flex e-con e-parent\" data-id=\"78bb324\" data-element_type=\"container\" data-settings=\"{&quot;background_background&quot;:&quot;classic&quot;}\">\n\t\t<div class=\"elementor-element elementor-element-e4b1941 e-con-full elementor-hidden-mobile e-flex e-con e-child\" data-id=\"e4b1941\" data-element_type=\"container\" data-settings=\"{&quot;background_background&quot;:&quot;classic&quot;}\">\n\t\t\t\t<div class=\"elementor-element elementor-element-bc7b0c4 elementor-widget__width-initial elementor-widget elementor-widget-heading\" data-id=\"bc7b0c4\" data-element_type=\"widget\" data-widget_type=\"heading.default\">\n\t\t\t\t\t<h1 class=\"elementor-heading-title elementor-size-default\"><mark>CHIA S\u1eba<\/mark> S\u1ef0 CH\u0102M S\u00d3C   <\/h1>\t\t\t\t<\/div>\n\t\t\t\t<\/div>\n\t\t<div class=\"elementor-element elementor-element-10660a9 elementor-hidden-desktop elementor-hidden-tablet e-flex e-con-boxed e-con e-child\" data-id=\"10660a9\" data-element_type=\"container\">\n\t\t\t\t\t<div class=\"e-con-inner\">\n\t\t\t\t<div class=\"elementor-element elementor-element-5eb7bde elementor-widget__width-initial elementor-widget elementor-widget-heading\" data-id=\"5eb7bde\" data-element_type=\"widget\" data-widget_type=\"heading.default\">\n\t\t\t\t\t<h1 class=\"elementor-heading-title elementor-size-default\"><mark>CHIA S\u1eba<\/mark> S\u1ef0 CH\u0102M S\u00d3C   <\/h1>\t\t\t\t<\/div>\n\t\t\t\t<div class=\"elementor-element elementor-element-2348b6d elementor-widget-mobile__width-inherit elementor-widget elementor-widget-image\" data-id=\"2348b6d\" data-element_type=\"widget\" data-widget_type=\"image.default\">\n\t\t\t\t\t\t\t\t\t\t\t\t\t\t\t<img decoding=\"async\" src=\"https:\/\/www.consumerdirectcare.com\/wp-content\/uploads\/2025\/08\/Sharing-The-Care-Banner-Mobile.png\" title=\"\" alt=\"\" loading=\"lazy\" \/>\t\t\t\t\t\t\t\t\t\t\t\t\t\t\t<\/div>\n\t\t\t\t\t<\/div>\n\t\t\t\t<\/div>\n\t\t\t\t<\/div>\n\t\t<div class=\"elementor-element elementor-element-1336422 e-con-full e-flex e-con e-parent\" data-id=\"1336422\" data-element_type=\"container\" id=\"sharing-the-care\" data-settings=\"{&quot;background_background&quot;:&quot;classic&quot;}\">\n\t\t<div class=\"elementor-element elementor-element-88a4320 e-con-full elementor-hidden-tablet elementor-hidden-mobile e-flex e-con e-child\" data-id=\"88a4320\" data-element_type=\"container\" data-settings=\"{&quot;sticky&quot;:&quot;top&quot;,&quot;sticky_offset&quot;:150,&quot;sticky_on&quot;:[&quot;desktop&quot;,&quot;tablet&quot;,&quot;mobile&quot;],&quot;sticky_effects_offset&quot;:0,&quot;sticky_anchor_link_offset&quot;:0}\">\n\t\t\t\t<div class=\"elementor-element elementor-element-ec6e5cc sticky-list elementor-icon-list--layout-traditional elementor-list-item-link-full_width elementor-widget elementor-widget-icon-list\" data-id=\"ec6e5cc\" data-element_type=\"widget\" data-settings=\"{&quot;sticky&quot;:&quot;top&quot;,&quot;sticky_offset&quot;:150,&quot;sticky_on&quot;:[&quot;desktop&quot;,&quot;tablet&quot;,&quot;mobile&quot;],&quot;sticky_effects_offset&quot;:0,&quot;sticky_anchor_link_offset&quot;:0}\" data-widget_type=\"icon-list.default\">\n\t\t\t\t\t\t\t<ul class=\"elementor-icon-list-items\">\n\t\t\t\t\t\t\t<li class=\"elementor-icon-list-item\">\n\t\t\t\t\t\t\t\t\t\t\t<a href=\"#sharing-the-care\">\n\n\t\t\t\t\t\t\t\t\t\t\t<span class=\"elementor-icon-list-text\">Chia s\u1ebb s\u1ef1 ch\u0103m s\u00f3c<\/span>\n\t\t\t\t\t\t\t\t\t\t\t<\/a>\n\t\t\t\t\t\t\t\t\t<\/li>\n\t\t\t\t\t\t\t\t<li class=\"elementor-icon-list-item\">\n\t\t\t\t\t\t\t\t\t\t\t<a href=\"#the-amazing-traits-of-dsp\">\n\n\t\t\t\t\t\t\t\t\t\t\t<span class=\"elementor-icon-list-text\">Nh\u1eefng \u0111\u1eb7c \u0111i\u1ec3m tuy\u1ec7t v\u1eddi c\u1ee7a DSP<\/span>\n\t\t\t\t\t\t\t\t\t\t\t<\/a>\n\t\t\t\t\t\t\t\t\t<\/li>\n\t\t\t\t\t\t<\/ul>\n\t\t\t\t\t\t<\/div>\n\t\t\t\t<\/div>\n\t\t<div class=\"elementor-element elementor-element-d3fb0d6 e-con-full e-flex e-con e-child\" data-id=\"d3fb0d6\" data-element_type=\"container\">\n\t\t<div class=\"elementor-element elementor-element-3ad3988 e-con-full e-flex e-con e-child\" data-id=\"3ad3988\" data-element_type=\"container\" id=\"sharing-the-care\">\n\t\t\t\t<div class=\"elementor-element elementor-element-d27bb83 elementor-widget elementor-widget-text-editor\" data-id=\"d27bb83\" data-element_type=\"widget\" data-widget_type=\"text-editor.default\">\n\t\t\t\t\t\t\t\t\t<h3>Chia s\u1ebb s\u1ef1 ch\u0103m s\u00f3c<\/h3>\n<p>C\u00e1c Chuy\u00ean gia H\u1ed7 tr\u1ee3 Tr\u1ef1c ti\u1ebfp (DSP) cung c\u1ea5p d\u1ecbch v\u1ee5 ch\u0103m s\u00f3c tuy\u1ec7t v\u1eddi m\u1ed7i ng\u00e0y. M\u1ea1ng l\u01b0\u1edbi Ch\u0103m s\u00f3c Tr\u1ef1c ti\u1ebfp cho Ng\u01b0\u1eddi ti\u00eau d\u00f9ng cam k\u1ebft ghi nh\u1eadn c\u00e1c DSP v\u00e0 nh\u1eefng c\u00f4ng vi\u1ec7c thi\u1ebft y\u1ebfu m\u00e0 h\u1ecd \u0111ang l\u00e0m trong c\u1ed9ng \u0111\u1ed3ng.<\/p>\n<div class=\"ewa-rteLine\"><strong>Chia s\u1ebb s\u1ef1 ch\u0103m s\u00f3c<\/strong> l\u00e0 m\u1ed9t ph\u1ea7n trong n\u1ed7 l\u1ef1c kh\u00f4ng ng\u1eebng c\u1ee7a ch\u00fang t\u00f4i nh\u1eb1m t\u00f4n vinh c\u00e1c DSP. Trong su\u1ed1t n\u0103m, ch\u00fang t\u00f4i mang \u0111\u1ebfn nh\u1eefng c\u00e1ch th\u1ee9c \u0111\u01a1n gi\u1ea3n \u0111\u1ec3 th\u1ec3 hi\u1ec7n l\u00f2ng bi\u1ebft \u01a1n. V\u1edbi s\u1ef1 gi\u00fap \u0111\u1ee1 c\u1ee7a b\u1ea1n, ch\u00fang t\u00f4i c\u00f3 th\u1ec3 ghi nh\u1eadn nh\u1eefng \u0111\u00f3ng g\u00f3p \u0111\u1eb7c bi\u1ec7t c\u1ee7a c\u00e1c DSP.<\/div>\n\t\t\t\t\t\t\t\t<\/div>\n\t\t\t\t<\/div>\n\t\t\t\t<\/div>\n\t\t\t\t<\/div>\n\t\t<div class=\"elementor-element elementor-element-d6bd675 e-con-full e-flex e-con e-parent\" data-id=\"d6bd675\" data-element_type=\"container\" id=\"the-amazing-traits-of-dsp\" data-settings=\"{&quot;background_background&quot;:&quot;classic&quot;}\">\n\t\t<div class=\"elementor-element elementor-element-32fbdcf e-con-full elementor-hidden-tablet elementor-hidden-mobile e-flex e-con e-child\" data-id=\"32fbdcf\" data-element_type=\"container\">\n\t\t\t\t<\/div>\n\t\t<div class=\"elementor-element elementor-element-2196378 e-con-full e-flex e-con e-child\" data-id=\"2196378\" data-element_type=\"container\">\n\t\t<div class=\"elementor-element elementor-element-7a3330d e-con-full e-flex e-con e-child\" data-id=\"7a3330d\" data-element_type=\"container\">\n\t\t\t\t<div class=\"elementor-element elementor-element-b11905d elementor-widget elementor-widget-text-editor\" data-id=\"b11905d\" data-element_type=\"widget\" data-widget_type=\"text-editor.default\">\n\t\t\t\t\t\t\t\t\t<h3 class=\"wp-block-heading\">Nh\u1eefng \u0111\u1eb7c \u0111i\u1ec3m tuy\u1ec7t v\u1eddi c\u1ee7a DSP<\/h3>\n<p class=\"wp-block-heading\">V\u00e0o th\u00e1ng 8 n\u0103m 2022, ch\u00fang t\u00f4i \u0111\u00e3 kh\u1edfi \u0111\u1ed9ng <strong>Chia s\u1ebb s\u1ef1 ch\u0103m s\u00f3c<\/strong> b\u1eb1ng c\u00e1ch h\u1ecfi nh\u1eefng ng\u01b0\u1eddi ch\u00fang t\u00f4i ph\u1ee5c v\u1ee5 tr\u00ean to\u00e0n qu\u1ed1c v\u1ec1 nh\u1eefng \u0111\u1eb7c \u0111i\u1ec3m tuy\u1ec7t v\u1eddi c\u1ee7a DSP. H\u00e0ng tr\u0103m ng\u01b0\u1eddi \u0111\u00e3 chia s\u1ebb l\u00f2ng bi\u1ebft \u01a1n \u0111\u1ed1i v\u1edbi DSP v\u00e0 c\u00e1c d\u1ecbch v\u1ee5 thi\u1ebft y\u1ebfu m\u00e0 h\u1ecd cung c\u1ea5p. \u0110\u1ec3 gi\u1edbi thi\u1ec7u nh\u1eefng \u0111\u1eb7c \u0111i\u1ec3m n\u00e0y, ch\u00fang t\u00f4i \u0111\u00e3 t\u1ea1o ra m\u1ed9t \u0111\u00e1m m\u00e2y t\u1eeb ng\u1eef v\u1ec1 DSP Amazing Traits.<\/p>\n<div class=\"ewa-rteLine\">C\u1ea3m \u01a1n t\u1ea5t c\u1ea3 m\u1ecdi ng\u01b0\u1eddi \u0111\u00e3 \u0111\u00f3ng g\u00f3p cho d\u1ef1 \u00e1n h\u1ee3p t\u00e1c n\u00e0y.<\/div>\n\t\t\t\t\t\t\t\t<\/div>\n\t\t\t\t<div class=\"elementor-element elementor-element-60f54c5 elementor-widget-mobile__width-inherit elementor-widget elementor-widget-image\" data-id=\"60f54c5\" data-element_type=\"widget\" area-label=\"sharing the care\" data-widget_type=\"image.default\">\n\t\t\t\t\t\t\t\t\t\t\t\t\t\t\t<img fetchpriority=\"high\" decoding=\"async\" width=\"1429\" height=\"1279\" src=\"https:\/\/www.consumerdirectcare.com\/wp-content\/uploads\/2025\/10\/CDCN-Sharing-the-Care-Wordcloud-2025.jpg\" class=\"attachment-full size-full wp-image-9164\" alt=\"Sharing The Care Word Cloud\" srcset=\"https:\/\/www.consumerdirectcare.com\/wp-content\/uploads\/2025\/10\/CDCN-Sharing-the-Care-Wordcloud-2025.jpg 1429w, https:\/\/www.consumerdirectcare.com\/wp-content\/uploads\/2025\/10\/CDCN-Sharing-the-Care-Wordcloud-2025-300x269.jpg 300w, https:\/\/www.consumerdirectcare.com\/wp-content\/uploads\/2025\/10\/CDCN-Sharing-the-Care-Wordcloud-2025-1024x917.jpg 1024w, https:\/\/www.consumerdirectcare.com\/wp-content\/uploads\/2025\/10\/CDCN-Sharing-the-Care-Wordcloud-2025-768x687.jpg 768w, https:\/\/www.consumerdirectcare.com\/wp-content\/uploads\/2025\/10\/CDCN-Sharing-the-Care-Wordcloud-2025-13x12.jpg 13w\" sizes=\"(max-width: 1429px) 100vw, 1429px\" \/>\t\t\t\t\t\t\t\t\t\t\t\t\t\t\t<\/div>\n\t\t\t\t<\/div>\n\t\t\t\t<\/div>\n\t\t\t\t<\/div>\n\t\t\t\t<\/div>","protected":false},"excerpt":{"rendered":"<p>Ch\u1ecdn ph\u1ea7n Chia s\u1ebb tr\u00e1ch nhi\u1ec7m Nh\u1eefng \u0111\u1eb7c \u0111i\u1ec3m tuy\u1ec7t v\u1eddi c\u1ee7a DSPs\u2028 Chia s\u1ebb tr\u00e1ch nhi\u1ec7m Nh\u1eefng \u0111\u1eb7c \u0111i\u1ec3m tuy\u1ec7t v\u1eddi c\u1ee7a DSPs\u2028 Chia s\u1ebb tr\u00e1ch nhi\u1ec7m Nh\u1eefng \u0111\u1eb7c \u0111i\u1ec3m tuy\u1ec7t v\u1eddi c\u1ee7a DSPs<\/p>","protected":false},"author":8,"featured_media":0,"parent":0,"menu_order":0,"comment_status":"closed","ping_status":"closed","template":"","meta":{"_acf_changed":false,"footnotes":""},"class_list":["post-5041","page","type-page","status-publish","hentry"],"acf":[],"yoast_head":"<!-- This site is optimized with the Yoast SEO plugin v26.0 - https:\/\/yoast.com\/wordpress\/plugins\/seo\/ -->\n<title>Sharing the Care - Consumer Direct Care<\/title>\n<meta name=\"robots\" content=\"index, follow, max-snippet:-1, max-image-preview:large, max-video-preview:-1\" \/>\n<link rel=\"canonical\" href=\"https:\/\/www.consumerdirectcare.com\/vi\/sharing-the-care\/\" \/>\n<meta property=\"og:locale\" content=\"vi_VN\" \/>\n<meta property=\"og:type\" content=\"article\" \/>\n<meta property=\"og:title\" content=\"Sharing the Care - Consumer Direct Care\" \/>\n<meta property=\"og:description\" content=\"Select Section Sharing the Care The Amazing Traits of DSPs\u2028 Sharing the Care The Amazing Traits of DSPs\u2028 Sharing the Care Amazing Traits of DSPs\" \/>\n<meta property=\"og:url\" content=\"https:\/\/www.consumerdirectcare.com\/vi\/sharing-the-care\/\" \/>\n<meta property=\"og:site_name\" content=\"Consumer Direct Care\" \/>\n<meta property=\"article:modified_time\" content=\"2026-03-05T09:22:49+00:00\" \/>\n<meta name=\"twitter:card\" content=\"summary_large_image\" \/>\n<meta name=\"twitter:label1\" content=\"\u01af\u1edbc t\u00ednh th\u1eddi gian \u0111\u1ecdc\" \/>\n\t<meta name=\"twitter:data1\" content=\"1 ph\u00fat\" \/>\n<script type=\"application\/ld+json\" class=\"yoast-schema-graph\">{\"@context\":\"https:\/\/schema.org\",\"@graph\":[{\"@type\":\"WebPage\",\"@id\":\"https:\/\/www.consumerdirectcare.com\/sharing-the-care\/\",\"url\":\"https:\/\/www.consumerdirectcare.com\/sharing-the-care\/\",\"name\":\"Sharing the Care - Consumer Direct Care\",\"isPartOf\":{\"@id\":\"https:\/\/www.consumerdirectcare.com\/#website\"},\"datePublished\":\"2025-06-25T12:19:38+00:00\",\"dateModified\":\"2026-03-05T09:22:49+00:00\",\"breadcrumb\":{\"@id\":\"https:\/\/www.consumerdirectcare.com\/sharing-the-care\/#breadcrumb\"},\"inLanguage\":\"vi\",\"potentialAction\":[{\"@type\":\"ReadAction\",\"target\":[\"https:\/\/www.consumerdirectcare.com\/sharing-the-care\/\"]}]},{\"@type\":\"BreadcrumbList\",\"@id\":\"https:\/\/www.consumerdirectcare.com\/sharing-the-care\/#breadcrumb\",\"itemListElement\":[{\"@type\":\"ListItem\",\"position\":1,\"name\":\"Home\",\"item\":\"https:\/\/www.consumerdirectcare.com\/\"},{\"@type\":\"ListItem\",\"position\":2,\"name\":\"Sharing the Care\"}]},{\"@type\":\"WebSite\",\"@id\":\"https:\/\/www.consumerdirectcare.com\/#website\",\"url\":\"https:\/\/www.consumerdirectcare.com\/\",\"name\":\"Consumer Direct Care\",\"description\":\"\",\"publisher\":{\"@id\":\"https:\/\/www.consumerdirectcare.com\/#organization\"},\"potentialAction\":[{\"@type\":\"SearchAction\",\"target\":{\"@type\":\"EntryPoint\",\"urlTemplate\":\"https:\/\/www.consumerdirectcare.com\/?s={search_term_string}\"},\"query-input\":{\"@type\":\"PropertyValueSpecification\",\"valueRequired\":true,\"valueName\":\"search_term_string\"}}],\"inLanguage\":\"vi\"},{\"@type\":\"Organization\",\"@id\":\"https:\/\/www.consumerdirectcare.com\/#organization\",\"name\":\"Consumer Direct Care\",\"url\":\"https:\/\/www.consumerdirectcare.com\/\",\"logo\":{\"@type\":\"ImageObject\",\"inLanguage\":\"vi\",\"@id\":\"https:\/\/www.consumerdirectcare.com\/#\/schema\/logo\/image\/\",\"url\":\"https:\/\/www.consumerdirectcare.com\/wp-content\/uploads\/2025\/05\/CDCN-Logo-dark.png\",\"contentUrl\":\"https:\/\/www.consumerdirectcare.com\/wp-content\/uploads\/2025\/05\/CDCN-Logo-dark.png\",\"width\":158,\"height\":48,\"caption\":\"Consumer Direct Care\"},\"image\":{\"@id\":\"https:\/\/www.consumerdirectcare.com\/#\/schema\/logo\/image\/\"}}]}<\/script>\n<!-- \/ Yoast SEO plugin. -->","yoast_head_json":{"title":"Chia s\u1ebb Ch\u0103m s\u00f3c - Ch\u0103m s\u00f3c Tr\u1ef1c ti\u1ebfp cho Ng\u01b0\u1eddi ti\u00eau d\u00f9ng","robots":{"index":"index","follow":"follow","max-snippet":"max-snippet:-1","max-image-preview":"max-image-preview:large","max-video-preview":"max-video-preview:-1"},"canonical":"https:\/\/www.consumerdirectcare.com\/vi\/sharing-the-care\/","og_locale":"vi_VN","og_type":"article","og_title":"Sharing the Care - Consumer Direct Care","og_description":"Select Section Sharing the Care The Amazing Traits of DSPs\u2028 Sharing the Care The Amazing Traits of DSPs\u2028 Sharing the Care Amazing Traits of DSPs","og_url":"https:\/\/www.consumerdirectcare.com\/vi\/sharing-the-care\/","og_site_name":"Consumer Direct Care","article_modified_time":"2026-03-05T09:22:49+00:00","twitter_card":"summary_large_image","twitter_misc":{"\u01af\u1edbc t\u00ednh th\u1eddi gian \u0111\u1ecdc":"1 ph\u00fat"},"schema":{"@context":"https:\/\/schema.org","@graph":[{"@type":"WebPage","@id":"https:\/\/www.consumerdirectcare.com\/sharing-the-care\/","url":"https:\/\/www.consumerdirectcare.com\/sharing-the-care\/","name":"Chia s\u1ebb Ch\u0103m s\u00f3c - Ch\u0103m s\u00f3c Tr\u1ef1c ti\u1ebfp cho Ng\u01b0\u1eddi ti\u00eau d\u00f9ng","isPartOf":{"@id":"https:\/\/www.consumerdirectcare.com\/#website"},"datePublished":"2025-06-25T12:19:38+00:00","dateModified":"2026-03-05T09:22:49+00:00","breadcrumb":{"@id":"https:\/\/www.consumerdirectcare.com\/sharing-the-care\/#breadcrumb"},"inLanguage":"vi","potentialAction":[{"@type":"ReadAction","target":["https:\/\/www.consumerdirectcare.com\/sharing-the-care\/"]}]},{"@type":"BreadcrumbList","@id":"https:\/\/www.consumerdirectcare.com\/sharing-the-care\/#breadcrumb","itemListElement":[{"@type":"ListItem","position":1,"name":"Home","item":"https:\/\/www.consumerdirectcare.com\/"},{"@type":"ListItem","position":2,"name":"Sharing the Care"}]},{"@type":"WebSite","@id":"https:\/\/www.consumerdirectcare.com\/#website","url":"https:\/\/www.consumerdirectcare.com\/","name":"Ch\u0103m s\u00f3c tr\u1ef1c ti\u1ebfp ng\u01b0\u1eddi ti\u00eau d\u00f9ng","description":"","publisher":{"@id":"https:\/\/www.consumerdirectcare.com\/#organization"},"potentialAction":[{"@type":"SearchAction","target":{"@type":"EntryPoint","urlTemplate":"https:\/\/www.consumerdirectcare.com\/?s={search_term_string}"},"query-input":{"@type":"PropertyValueSpecification","valueRequired":true,"valueName":"search_term_string"}}],"inLanguage":"vi"},{"@type":"Organization","@id":"https:\/\/www.consumerdirectcare.com\/#organization","name":"Ch\u0103m s\u00f3c tr\u1ef1c ti\u1ebfp ng\u01b0\u1eddi ti\u00eau d\u00f9ng","url":"https:\/\/www.consumerdirectcare.com\/","logo":{"@type":"ImageObject","inLanguage":"vi","@id":"https:\/\/www.consumerdirectcare.com\/#\/schema\/logo\/image\/","url":"https:\/\/www.consumerdirectcare.com\/wp-content\/uploads\/2025\/05\/CDCN-Logo-dark.png","contentUrl":"https:\/\/www.consumerdirectcare.com\/wp-content\/uploads\/2025\/05\/CDCN-Logo-dark.png","width":158,"height":48,"caption":"Consumer Direct Care"},"image":{"@id":"https:\/\/www.consumerdirectcare.com\/#\/schema\/logo\/image\/"}}]}},"_links":{"self":[{"href":"https:\/\/www.consumerdirectcare.com\/vi\/wp-json\/wp\/v2\/pages\/5041","targetHints":{"allow":["GET"]}}],"collection":[{"href":"https:\/\/www.consumerdirectcare.com\/vi\/wp-json\/wp\/v2\/pages"}],"about":[{"href":"https:\/\/www.consumerdirectcare.com\/vi\/wp-json\/wp\/v2\/types\/page"}],"author":[{"embeddable":true,"href":"https:\/\/www.consumerdirectcare.com\/vi\/wp-json\/wp\/v2\/users\/8"}],"replies":[{"embeddable":true,"href":"https:\/\/www.consumerdirectcare.com\/vi\/wp-json\/wp\/v2\/comments?post=5041"}],"version-history":[{"count":4,"href":"https:\/\/www.consumerdirectcare.com\/vi\/wp-json\/wp\/v2\/pages\/5041\/revisions"}],"predecessor-version":[{"id":9571,"href":"https:\/\/www.consumerdirectcare.com\/vi\/wp-json\/wp\/v2\/pages\/5041\/revisions\/9571"}],"wp:attachment":[{"href":"https:\/\/www.consumerdirectcare.com\/vi\/wp-json\/wp\/v2\/media?parent=5041"}],"curies":[{"name":"wp","href":"https:\/\/api.w.org\/{rel}","templated":true}]}}