{"id":6840,"date":"2025-08-11T09:59:11","date_gmt":"2025-08-11T09:59:11","guid":{"rendered":"https:\/\/cpuat-wpms-f3dbepfje4etebdn.centralus-01.azurewebsites.net\/?page_id=6840"},"modified":"2025-10-31T05:22:52","modified_gmt":"2025-10-31T05:22:52","slug":"online-support","status":"publish","type":"page","link":"https:\/\/www.consumerdirectcare.com\/es_es\/online-support\/","title":{"rendered":"Asistencia en l\u00ednea"},"content":{"rendered":"<div data-elementor-type=\"wp-page\" data-elementor-id=\"6840\" class=\"elementor elementor-6840\" data-elementor-post-type=\"page\">\n\t\t\t\t<div class=\"elementor-element elementor-element-83cee3c e-con-full e-flex e-con e-parent\" data-id=\"83cee3c\" data-element_type=\"container\" data-settings=\"{&quot;background_background&quot;:&quot;classic&quot;}\">\n\t\t<div class=\"elementor-element elementor-element-eff743d e-con-full elementor-hidden-mobile e-flex e-con e-child\" data-id=\"eff743d\" data-element_type=\"container\" data-settings=\"{&quot;background_background&quot;:&quot;classic&quot;}\">\n\t\t\t\t<div class=\"elementor-element elementor-element-5367ca7 elementor-widget__width-initial elementor-widget elementor-widget-heading\" data-id=\"5367ca7\" data-element_type=\"widget\" data-widget_type=\"heading.default\">\n\t\t\t\t\t<h1 class=\"elementor-heading-title elementor-size-default\">\u00bfTIENE ALGUNA PREGUNTA PARA LA RED DE ATENCI\u00d3N DIRECTA AL CONSUMIDOR?<\/h1>\t\t\t\t<\/div>\n\t\t\t\t<\/div>\n\t\t<div class=\"elementor-element elementor-element-a14ea23 elementor-hidden-desktop elementor-hidden-tablet e-flex e-con-boxed e-con e-child\" data-id=\"a14ea23\" data-element_type=\"container\">\n\t\t\t\t\t<div class=\"e-con-inner\">\n\t\t\t\t<div class=\"elementor-element elementor-element-96d3b2c elementor-widget__width-initial elementor-widget elementor-widget-heading\" data-id=\"96d3b2c\" data-element_type=\"widget\" data-widget_type=\"heading.default\">\n\t\t\t\t\t<h1 class=\"elementor-heading-title elementor-size-default\">\u00bfTIENE ALGUNA PREGUNTA PARA LA RED DE ATENCI\u00d3N DIRECTA AL CONSUMIDOR?<\/h1>\t\t\t\t<\/div>\n\t\t\t\t<div class=\"elementor-element elementor-element-823d6d6 elementor-widget-mobile__width-inherit elementor-widget elementor-widget-image\" data-id=\"823d6d6\" data-element_type=\"widget\" data-widget_type=\"image.default\">\n\t\t\t\t\t\t\t\t\t\t\t\t\t\t\t<img fetchpriority=\"high\" decoding=\"async\" width=\"343\" height=\"416\" src=\"https:\/\/www.consumerdirectcare.com\/wp-content\/uploads\/2025\/06\/contact-banner-mobile.jpg\" class=\"attachment-large size-large wp-image-5710\" alt=\"\" srcset=\"https:\/\/www.consumerdirectcare.com\/wp-content\/uploads\/2025\/06\/contact-banner-mobile.jpg 343w, https:\/\/www.consumerdirectcare.com\/wp-content\/uploads\/2025\/06\/contact-banner-mobile-247x300.jpg 247w, https:\/\/www.consumerdirectcare.com\/wp-content\/uploads\/2025\/06\/contact-banner-mobile-10x12.jpg 10w\" sizes=\"(max-width: 343px) 100vw, 343px\" \/>\t\t\t\t\t\t\t\t\t\t\t\t\t\t\t<\/div>\n\t\t\t\t\t<\/div>\n\t\t\t\t<\/div>\n\t\t\t\t<\/div>\n\t\t<div class=\"elementor-element elementor-element-cf8f083 e-flex e-con-boxed e-con e-child\" data-id=\"cf8f083\" data-element_type=\"container\">\n\t\t\t\t\t<div class=\"e-con-inner\">\n\t\t\t\t<div class=\"elementor-element elementor-element-1738b69 elementor-widget elementor-widget-heading\" data-id=\"1738b69\" data-element_type=\"widget\" data-widget_type=\"heading.default\">\n\t\t\t\t\t<h5 class=\"elementor-heading-title elementor-size-default\">CONSUMER DIRECT CARE NETWORK (CDCN) PRESTA SERVICIOS EN MUCHOS ESTADOS DEL PA\u00cdS.\n\n<\/h5>\t\t\t\t<\/div>\n\t\t\t\t<div class=\"elementor-element elementor-element-dc8091e elementor-widget elementor-widget-text-editor\" data-id=\"dc8091e\" data-element_type=\"widget\" data-widget_type=\"text-editor.default\">\n\t\t\t\t\t\t\t\t\t<p>Para asegurarse de que se responde a su pregunta, seleccione a continuaci\u00f3n el estado en el que presta\/recibe servicios. A continuaci\u00f3n, rellene el formulario de contacto. Un representante del servicio de atenci\u00f3n al cliente se pondr\u00e1 en contacto con usted para ayudarle.<\/p>\t\t\t\t\t\t\t\t<\/div>\n\t\t<div class=\"elementor-element elementor-element-0c5f97f e-grid e-con-full e-con e-child\" data-id=\"0c5f97f\" data-element_type=\"container\">\n\t\t\t\t<div class=\"elementor-element elementor-element-af3d16b elementor-align-justify secondary-dark elementor-widget elementor-widget-button\" data-id=\"af3d16b\" data-element_type=\"widget\" data-widget_type=\"button.default\">\n\t\t\t\t\t\t\t\t\t\t<a class=\"elementor-button elementor-button-link elementor-size-sm\" href=\"https:\/\/t8yly.share-na2.hsforms.com\/2DDWIQvk3TYGHKH2ELdC_3g\" target=\"_blank\">\n\t\t\t\t\t\t<span class=\"elementor-button-content-wrapper\">\n\t\t\t\t\t\t\t\t\t<span class=\"elementor-button-text\">ALASKA<\/span>\n\t\t\t\t\t<\/span>\n\t\t\t\t\t<\/a>\n\t\t\t\t\t\t\t\t<\/div>\n\t\t\t\t<div class=\"elementor-element elementor-element-03e696d elementor-align-justify secondary-dark elementor-widget elementor-widget-button\" data-id=\"03e696d\" data-element_type=\"widget\" data-widget_type=\"button.default\">\n\t\t\t\t\t\t\t\t\t\t<a class=\"elementor-button elementor-button-link elementor-size-sm\" href=\"https:\/\/t8yly.share-na2.hsforms.com\/2eS61qclkSSq6CVh3lIqByA\" target=\"_blank\">\n\t\t\t\t\t\t<span class=\"elementor-button-content-wrapper\">\n\t\t\t\t\t\t\t\t\t<span class=\"elementor-button-text\">ARIZONA<\/span>\n\t\t\t\t\t<\/span>\n\t\t\t\t\t<\/a>\n\t\t\t\t\t\t\t\t<\/div>\n\t\t\t\t<div class=\"elementor-element elementor-element-d31c6aa elementor-align-justify secondary-dark elementor-widget elementor-widget-button\" data-id=\"d31c6aa\" data-element_type=\"widget\" data-widget_type=\"button.default\">\n\t\t\t\t\t\t\t\t\t\t<a class=\"elementor-button elementor-button-link elementor-size-sm\" href=\"https:\/\/t8yly.share-na2.hsforms.com\/25DQ6LhdOQjq9MTOJFefy-g\" target=\"_blank\">\n\t\t\t\t\t\t<span class=\"elementor-button-content-wrapper\">\n\t\t\t\t\t\t\t\t\t<span class=\"elementor-button-text\">COLORADO<\/span>\n\t\t\t\t\t<\/span>\n\t\t\t\t\t<\/a>\n\t\t\t\t\t\t\t\t<\/div>\n\t\t\t\t<div class=\"elementor-element elementor-element-97fa4d4 elementor-align-justify secondary-dark elementor-widget elementor-widget-button\" data-id=\"97fa4d4\" data-element_type=\"widget\" data-widget_type=\"button.default\">\n\t\t\t\t\t\t\t\t\t\t<a class=\"elementor-button elementor-button-link elementor-size-sm\" href=\"https:\/\/t8yly.share-na2.hsforms.com\/2lBqDlOpyT7eXTHMuxCuTtQ\" target=\"_blank\">\n\t\t\t\t\t\t<span class=\"elementor-button-content-wrapper\">\n\t\t\t\t\t\t\t\t\t<span class=\"elementor-button-text\">FLORIDA<\/span>\n\t\t\t\t\t<\/span>\n\t\t\t\t\t<\/a>\n\t\t\t\t\t\t\t\t<\/div>\n\t\t\t\t<div class=\"elementor-element elementor-element-febeb7c elementor-align-justify secondary-dark elementor-widget elementor-widget-button\" data-id=\"febeb7c\" data-element_type=\"widget\" data-widget_type=\"button.default\">\n\t\t\t\t\t\t\t\t\t\t<a class=\"elementor-button elementor-button-link elementor-size-sm\" href=\"https:\/\/t8yly.share-na2.hsforms.com\/2lTo1Ykb1QVKHlq7_sM_M6Q\" target=\"_blank\">\n\t\t\t\t\t\t<span class=\"elementor-button-content-wrapper\">\n\t\t\t\t\t\t\t\t\t<span class=\"elementor-button-text\">IDAHO<\/span>\n\t\t\t\t\t<\/span>\n\t\t\t\t\t<\/a>\n\t\t\t\t\t\t\t\t<\/div>\n\t\t\t\t<div class=\"elementor-element elementor-element-fa0b2bb elementor-align-justify secondary-dark elementor-widget elementor-widget-button\" data-id=\"fa0b2bb\" data-element_type=\"widget\" data-widget_type=\"button.default\">\n\t\t\t\t\t\t\t\t\t\t<a class=\"elementor-button elementor-button-link elementor-size-sm\" href=\"https:\/\/t8yly.share-na2.hsforms.com\/2tXSBbJTOQaiHpzEtt3o1CA\" target=\"_blank\">\n\t\t\t\t\t\t<span class=\"elementor-button-content-wrapper\">\n\t\t\t\t\t\t\t\t\t<span class=\"elementor-button-text\">MONTANA<\/span>\n\t\t\t\t\t<\/span>\n\t\t\t\t\t<\/a>\n\t\t\t\t\t\t\t\t<\/div>\n\t\t\t\t<div class=\"elementor-element elementor-element-e83b624 elementor-align-justify secondary-dark elementor-widget elementor-widget-button\" data-id=\"e83b624\" data-element_type=\"widget\" data-widget_type=\"button.default\">\n\t\t\t\t\t\t\t\t\t\t<a class=\"elementor-button elementor-button-link elementor-size-sm\" href=\"https:\/\/t8yly.share-na2.hsforms.com\/2gSyR1lSNShWO-l0LrSIJqw\" target=\"_blank\">\n\t\t\t\t\t\t<span class=\"elementor-button-content-wrapper\">\n\t\t\t\t\t\t\t\t\t<span class=\"elementor-button-text\">NUEVO M\u00c9XICO<\/span>\n\t\t\t\t\t<\/span>\n\t\t\t\t\t<\/a>\n\t\t\t\t\t\t\t\t<\/div>\n\t\t\t\t<div class=\"elementor-element elementor-element-cd0e7fb elementor-align-justify secondary-dark elementor-widget elementor-widget-button\" data-id=\"cd0e7fb\" data-element_type=\"widget\" data-widget_type=\"button.default\">\n\t\t\t\t\t\t\t\t\t\t<a class=\"elementor-button elementor-button-link elementor-size-sm\" href=\"https:\/\/t8yly.share-na2.hsforms.com\/2bfl2ykoxTASS_Co1of2sbA\" target=\"_blank\">\n\t\t\t\t\t\t<span class=\"elementor-button-content-wrapper\">\n\t\t\t\t\t\t\t\t\t<span class=\"elementor-button-text\">NEVADA<\/span>\n\t\t\t\t\t<\/span>\n\t\t\t\t\t<\/a>\n\t\t\t\t\t\t\t\t<\/div>\n\t\t\t\t<div class=\"elementor-element elementor-element-b6e9a43 elementor-align-justify secondary-dark elementor-widget elementor-widget-button\" data-id=\"b6e9a43\" data-element_type=\"widget\" data-widget_type=\"button.default\">\n\t\t\t\t\t\t\t\t\t\t<a class=\"elementor-button elementor-button-link elementor-size-sm\" href=\"https:\/\/t8yly.share-na2.hsforms.com\/2yfQLNRsrRBaCz6DGz3KFQg\" target=\"_blank\">\n\t\t\t\t\t\t<span class=\"elementor-button-content-wrapper\">\n\t\t\t\t\t\t\t\t\t<span class=\"elementor-button-text\">DAKOTA DEL SUR<\/span>\n\t\t\t\t\t<\/span>\n\t\t\t\t\t<\/a>\n\t\t\t\t\t\t\t\t<\/div>\n\t\t\t\t<div class=\"elementor-element elementor-element-1dbf1bc elementor-align-justify secondary-dark elementor-widget elementor-widget-button\" data-id=\"1dbf1bc\" data-element_type=\"widget\" data-widget_type=\"button.default\">\n\t\t\t\t\t\t\t\t\t\t<a class=\"elementor-button elementor-button-link elementor-size-sm\" href=\"https:\/\/t8yly.share-na2.hsforms.com\/2S1wH9MAJQtaiR4ge8G5RDQ\" target=\"_blank\">\n\t\t\t\t\t\t<span class=\"elementor-button-content-wrapper\">\n\t\t\t\t\t\t\t\t\t<span class=\"elementor-button-text\">TENNESSEE<\/span>\n\t\t\t\t\t<\/span>\n\t\t\t\t\t<\/a>\n\t\t\t\t\t\t\t\t<\/div>\n\t\t\t\t<div class=\"elementor-element elementor-element-96a59bc elementor-align-justify secondary-dark elementor-widget elementor-widget-button\" data-id=\"96a59bc\" data-element_type=\"widget\" data-widget_type=\"button.default\">\n\t\t\t\t\t\t\t\t\t\t<a class=\"elementor-button elementor-button-link elementor-size-sm\" href=\"https:\/\/t8yly.share-na2.hsforms.com\/2lka5gtZZQ5SJ_EI1T5VtWg\" target=\"_blank\">\n\t\t\t\t\t\t<span class=\"elementor-button-content-wrapper\">\n\t\t\t\t\t\t\t\t\t<span class=\"elementor-button-text\">TEXAS<\/span>\n\t\t\t\t\t<\/span>\n\t\t\t\t\t<\/a>\n\t\t\t\t\t\t\t\t<\/div>\n\t\t\t\t<div class=\"elementor-element elementor-element-d640830 elementor-align-justify secondary-dark elementor-widget elementor-widget-button\" data-id=\"d640830\" data-element_type=\"widget\" data-widget_type=\"button.default\">\n\t\t\t\t\t\t\t\t\t\t<a class=\"elementor-button elementor-button-link elementor-size-sm\" href=\"https:\/\/t8yly.share-na2.hsforms.com\/2nA5TM0LuQeWHNNFn03Su8Q\" target=\"_blank\">\n\t\t\t\t\t\t<span class=\"elementor-button-content-wrapper\">\n\t\t\t\t\t\t\t\t\t<span class=\"elementor-button-text\">VIRGINIA<\/span>\n\t\t\t\t\t<\/span>\n\t\t\t\t\t<\/a>\n\t\t\t\t\t\t\t\t<\/div>\n\t\t\t\t<div class=\"elementor-element elementor-element-551d700 elementor-align-justify secondary-dark elementor-widget elementor-widget-button\" data-id=\"551d700\" data-element_type=\"widget\" data-widget_type=\"button.default\">\n\t\t\t\t\t\t\t\t\t\t<a class=\"elementor-button elementor-button-link elementor-size-sm\" href=\"https:\/\/t8yly.share-na2.hsforms.com\/2gQSAtabWT7eFiSZxaTJoLg\" target=\"_blank\">\n\t\t\t\t\t\t<span class=\"elementor-button-content-wrapper\">\n\t\t\t\t\t\t\t\t\t<span class=\"elementor-button-text\">WASHINGTON<\/span>\n\t\t\t\t\t<\/span>\n\t\t\t\t\t<\/a>\n\t\t\t\t\t\t\t\t<\/div>\n\t\t\t\t<div class=\"elementor-element elementor-element-5978c88 elementor-align-justify secondary-dark elementor-widget elementor-widget-button\" data-id=\"5978c88\" data-element_type=\"widget\" data-widget_type=\"button.default\">\n\t\t\t\t\t\t\t\t\t\t<a class=\"elementor-button elementor-button-link elementor-size-sm\" href=\"https:\/\/t8yly.share-na2.hsforms.com\/2jfhogP6ZRwW33793i7E-Lw\" target=\"_blank\">\n\t\t\t\t\t\t<span class=\"elementor-button-content-wrapper\">\n\t\t\t\t\t\t\t\t\t<span class=\"elementor-button-text\">WISCONSIN<\/span>\n\t\t\t\t\t<\/span>\n\t\t\t\t\t<\/a>\n\t\t\t\t\t\t\t\t<\/div>\n\t\t\t\t<div class=\"elementor-element elementor-element-4f5a7e7 elementor-align-justify secondary-dark elementor-widget elementor-widget-button\" data-id=\"4f5a7e7\" data-element_type=\"widget\" data-widget_type=\"button.default\">\n\t\t\t\t\t\t\t\t\t\t<a class=\"elementor-button elementor-button-link elementor-size-sm\" href=\"https:\/\/t8yly.share-na2.hsforms.com\/2cwF4Me2eTdG6-FCQpoyrEw\" target=\"_blank\">\n\t\t\t\t\t\t<span class=\"elementor-button-content-wrapper\">\n\t\t\t\t\t\t\t\t\t<span class=\"elementor-button-text\">VETERANOS<\/span>\n\t\t\t\t\t<\/span>\n\t\t\t\t\t<\/a>\n\t\t\t\t\t\t\t\t<\/div>\n\t\t\t\t<\/div>\n\t\t<div class=\"elementor-element elementor-element-6edf12a e-con-full e-flex e-con e-child\" data-id=\"6edf12a\" data-element_type=\"container\">\n\t\t<div class=\"elementor-element elementor-element-ddc7923 e-con-full e-flex e-con e-child\" data-id=\"ddc7923\" data-element_type=\"container\" data-settings=\"{&quot;background_background&quot;:&quot;classic&quot;}\">\n\t\t\t\t<div class=\"elementor-element elementor-element-6376c3e elementor-widget__width-inherit elementor-widget elementor-widget-heading\" data-id=\"6376c3e\" data-element_type=\"widget\" data-widget_type=\"heading.default\">\n\t\t\t\t\t<h5 class=\"elementor-heading-title elementor-size-default\">\u00bfBUSCAS UNA CARRERA EN SERVICIOS DE ASISTENCIA A DOMICILIO? ENCUENTRA LA TUYA A CONTINUACI\u00d3N.<\/h5>\t\t\t\t<\/div>\n\t\t\t\t<div class=\"elementor-element elementor-element-e18aaf9 elementor-mobile-align-justify elementor-widget-mobile__width-initial primary-light elementor-widget elementor-widget-button\" data-id=\"e18aaf9\" data-element_type=\"widget\" data-widget_type=\"button.default\">\n\t\t\t\t\t\t\t\t\t\t<a class=\"elementor-button elementor-button-link elementor-size-sm\" href=\"https:\/\/cdcn.avature.net\/careers\/SearchJobs\/?492=%5B6704%2C6705%2C6706%2C6708%2C6711%2C6712%2C6710%2C6713%2C6714%2C6715%2C6721%2C6709%2C6720%2C6719%2C6717%2C6716%5D&#038;492_format=319&#038;listFilterMode=1&#038;jobRecordsPerPage=25&#038;\" target=\"_blank\">\n\t\t\t\t\t\t<span class=\"elementor-button-content-wrapper\">\n\t\t\t\t\t\t\t\t\t<span class=\"elementor-button-text\">CARRERAS ADMINISTRATIVAS (EN TODO EL PA\u00cdS)<\/span>\n\t\t\t\t\t<\/span>\n\t\t\t\t\t<\/a>\n\t\t\t\t\t\t\t\t<\/div>\n\t\t\t\t<div class=\"elementor-element elementor-element-a3bede8 elementor-mobile-align-justify elementor-widget-mobile__width-initial primary-light elementor-widget elementor-widget-button\" data-id=\"a3bede8\" data-element_type=\"widget\" data-widget_type=\"button.default\">\n\t\t\t\t\t\t\t\t\t\t<a class=\"elementor-button elementor-button-link elementor-size-sm\" href=\"https:\/\/cdcn.avature.net\/careers\/SearchJobs\/?492=%5B6707%2C6718%5D&#038;492_format=319&#038;listFilterMode=1&#038;jobRecordsPerPage=25&#038;\" target=\"_blank\">\n\t\t\t\t\t\t<span class=\"elementor-button-content-wrapper\">\n\t\t\t\t\t\t\t\t\t<span class=\"elementor-button-text\">CARRERAS DE CUIDADOR (EN TODO EL PA\u00cdS)<\/span>\n\t\t\t\t\t<\/span>\n\t\t\t\t\t<\/a>\n\t\t\t\t\t\t\t\t<\/div>\n\t\t\t\t<\/div>\n\t\t\t\t<\/div>\n\t\t\t\t\t<\/div>\n\t\t\t\t<\/div>\n\t\t\t\t<\/div>","protected":false},"excerpt":{"rendered":"<p>\u00bfTIENE ALGUNA PREGUNTA PARA LA RED DE ATENCI\u00d3N DIRECTA AL CONSUMIDOR? \u00bfTIENE ALGUNA PREGUNTA SOBRE LA RED DE ATENCI\u00d3N DIRECTA AL CONSUMIDOR? CONSUMER DIRECT CARE NETWORK (CDCN) PRESTA SERVICIOS EN MUCHOS ESTADOS DEL PA\u00cdS. Para asegurarse de que se responde a su pregunta, seleccione a continuaci\u00f3n el estado en el que presta\/recibe servicios. A continuaci\u00f3n, rellene el formulario de contacto. Un representante del servicio de atenci\u00f3n al cliente [...]<\/p>","protected":false},"author":8,"featured_media":0,"parent":0,"menu_order":0,"comment_status":"closed","ping_status":"closed","template":"","meta":{"_acf_changed":false,"footnotes":""},"class_list":["post-6840","page","type-page","status-publish","hentry"],"acf":[],"yoast_head":"<!-- This site is optimized with the Yoast SEO plugin v26.0 - https:\/\/yoast.com\/wordpress\/plugins\/seo\/ -->\n<title>Online Support - Consumer Direct Care<\/title>\n<meta name=\"robots\" content=\"index, follow, max-snippet:-1, max-image-preview:large, max-video-preview:-1\" \/>\n<link rel=\"canonical\" href=\"https:\/\/www.consumerdirectcare.com\/es_es\/online-support\/\" \/>\n<meta property=\"og:locale\" content=\"es_ES\" \/>\n<meta property=\"og:type\" content=\"article\" \/>\n<meta property=\"og:title\" content=\"Online Support - Consumer Direct Care\" \/>\n<meta property=\"og:description\" content=\"HAVE A QUESTION FOR CONSUMER DIRECT CARE NETWORK? HAVE A QUESTION FOR CONSUMER DIRECT CARE NETWORK? CONSUMER DIRECT CARE NETWORK (CDCN) PROVIDES SERVICES IN MANY STATES ACROSS THE NATION. To ensure your question is answered, please select the state in which you provide\/receive services below. Then fill out the contact form. A customer service representative [&hellip;]\" \/>\n<meta property=\"og:url\" content=\"https:\/\/www.consumerdirectcare.com\/es_es\/online-support\/\" \/>\n<meta property=\"og:site_name\" content=\"Consumer Direct Care\" \/>\n<meta property=\"article:modified_time\" content=\"2025-10-31T05:22:52+00:00\" \/>\n<meta property=\"og:image\" content=\"https:\/\/www.consumerdirectcare.com\/wp-content\/uploads\/2025\/06\/contact-banner-mobile.jpg\" \/>\n\t<meta property=\"og:image:width\" content=\"343\" \/>\n\t<meta property=\"og:image:height\" content=\"416\" \/>\n\t<meta property=\"og:image:type\" content=\"image\/jpeg\" \/>\n<meta name=\"twitter:card\" content=\"summary_large_image\" \/>\n<meta name=\"twitter:label1\" content=\"Tiempo de lectura\" \/>\n\t<meta name=\"twitter:data1\" content=\"1 minuto\" \/>\n<script type=\"application\/ld+json\" class=\"yoast-schema-graph\">{\"@context\":\"https:\/\/schema.org\",\"@graph\":[{\"@type\":\"WebPage\",\"@id\":\"https:\/\/www.consumerdirectcare.com\/online-support\/\",\"url\":\"https:\/\/www.consumerdirectcare.com\/online-support\/\",\"name\":\"Online Support - Consumer Direct Care\",\"isPartOf\":{\"@id\":\"https:\/\/www.consumerdirectcare.com\/#website\"},\"primaryImageOfPage\":{\"@id\":\"https:\/\/www.consumerdirectcare.com\/online-support\/#primaryimage\"},\"image\":{\"@id\":\"https:\/\/www.consumerdirectcare.com\/online-support\/#primaryimage\"},\"thumbnailUrl\":\"https:\/\/www.consumerdirectcare.com\/wp-content\/uploads\/2025\/06\/contact-banner-mobile.jpg\",\"datePublished\":\"2025-08-11T09:59:11+00:00\",\"dateModified\":\"2025-10-31T05:22:52+00:00\",\"breadcrumb\":{\"@id\":\"https:\/\/www.consumerdirectcare.com\/online-support\/#breadcrumb\"},\"inLanguage\":\"es\",\"potentialAction\":[{\"@type\":\"ReadAction\",\"target\":[\"https:\/\/www.consumerdirectcare.com\/online-support\/\"]}]},{\"@type\":\"ImageObject\",\"inLanguage\":\"es\",\"@id\":\"https:\/\/www.consumerdirectcare.com\/online-support\/#primaryimage\",\"url\":\"https:\/\/www.consumerdirectcare.com\/wp-content\/uploads\/2025\/06\/contact-banner-mobile.jpg\",\"contentUrl\":\"https:\/\/www.consumerdirectcare.com\/wp-content\/uploads\/2025\/06\/contact-banner-mobile.jpg\"},{\"@type\":\"BreadcrumbList\",\"@id\":\"https:\/\/www.consumerdirectcare.com\/online-support\/#breadcrumb\",\"itemListElement\":[{\"@type\":\"ListItem\",\"position\":1,\"name\":\"Home\",\"item\":\"https:\/\/www.consumerdirectcare.com\/\"},{\"@type\":\"ListItem\",\"position\":2,\"name\":\"Online Support\"}]},{\"@type\":\"WebSite\",\"@id\":\"https:\/\/www.consumerdirectcare.com\/#website\",\"url\":\"https:\/\/www.consumerdirectcare.com\/\",\"name\":\"Consumer Direct Care\",\"description\":\"\",\"publisher\":{\"@id\":\"https:\/\/www.consumerdirectcare.com\/#organization\"},\"potentialAction\":[{\"@type\":\"SearchAction\",\"target\":{\"@type\":\"EntryPoint\",\"urlTemplate\":\"https:\/\/www.consumerdirectcare.com\/?s={search_term_string}\"},\"query-input\":{\"@type\":\"PropertyValueSpecification\",\"valueRequired\":true,\"valueName\":\"search_term_string\"}}],\"inLanguage\":\"es\"},{\"@type\":\"Organization\",\"@id\":\"https:\/\/www.consumerdirectcare.com\/#organization\",\"name\":\"Consumer Direct Care\",\"url\":\"https:\/\/www.consumerdirectcare.com\/\",\"logo\":{\"@type\":\"ImageObject\",\"inLanguage\":\"es\",\"@id\":\"https:\/\/www.consumerdirectcare.com\/#\/schema\/logo\/image\/\",\"url\":\"https:\/\/www.consumerdirectcare.com\/wp-content\/uploads\/2025\/05\/CDCN-Logo-dark.png\",\"contentUrl\":\"https:\/\/www.consumerdirectcare.com\/wp-content\/uploads\/2025\/05\/CDCN-Logo-dark.png\",\"width\":158,\"height\":48,\"caption\":\"Consumer Direct Care\"},\"image\":{\"@id\":\"https:\/\/www.consumerdirectcare.com\/#\/schema\/logo\/image\/\"}}]}<\/script>\n<!-- \/ Yoast SEO plugin. -->","yoast_head_json":{"title":"Asistencia en l\u00ednea - Consumer Direct Care","robots":{"index":"index","follow":"follow","max-snippet":"max-snippet:-1","max-image-preview":"max-image-preview:large","max-video-preview":"max-video-preview:-1"},"canonical":"https:\/\/www.consumerdirectcare.com\/es_es\/online-support\/","og_locale":"es_ES","og_type":"article","og_title":"Online Support - Consumer Direct Care","og_description":"HAVE A QUESTION FOR CONSUMER DIRECT CARE NETWORK? HAVE A QUESTION FOR CONSUMER DIRECT CARE NETWORK? CONSUMER DIRECT CARE NETWORK (CDCN) PROVIDES SERVICES IN MANY STATES ACROSS THE NATION. To ensure your question is answered, please select the state in which you provide\/receive services below. Then fill out the contact form. A customer service representative [&hellip;]","og_url":"https:\/\/www.consumerdirectcare.com\/es_es\/online-support\/","og_site_name":"Consumer Direct Care","article_modified_time":"2025-10-31T05:22:52+00:00","og_image":[{"width":343,"height":416,"url":"https:\/\/www.consumerdirectcare.com\/wp-content\/uploads\/2025\/06\/contact-banner-mobile.jpg","type":"image\/jpeg"}],"twitter_card":"summary_large_image","twitter_misc":{"Tiempo de lectura":"1 minuto"},"schema":{"@context":"https:\/\/schema.org","@graph":[{"@type":"WebPage","@id":"https:\/\/www.consumerdirectcare.com\/online-support\/","url":"https:\/\/www.consumerdirectcare.com\/online-support\/","name":"Asistencia en l\u00ednea - Consumer Direct Care","isPartOf":{"@id":"https:\/\/www.consumerdirectcare.com\/#website"},"primaryImageOfPage":{"@id":"https:\/\/www.consumerdirectcare.com\/online-support\/#primaryimage"},"image":{"@id":"https:\/\/www.consumerdirectcare.com\/online-support\/#primaryimage"},"thumbnailUrl":"https:\/\/www.consumerdirectcare.com\/wp-content\/uploads\/2025\/06\/contact-banner-mobile.jpg","datePublished":"2025-08-11T09:59:11+00:00","dateModified":"2025-10-31T05:22:52+00:00","breadcrumb":{"@id":"https:\/\/www.consumerdirectcare.com\/online-support\/#breadcrumb"},"inLanguage":"es","potentialAction":[{"@type":"ReadAction","target":["https:\/\/www.consumerdirectcare.com\/online-support\/"]}]},{"@type":"ImageObject","inLanguage":"es","@id":"https:\/\/www.consumerdirectcare.com\/online-support\/#primaryimage","url":"https:\/\/www.consumerdirectcare.com\/wp-content\/uploads\/2025\/06\/contact-banner-mobile.jpg","contentUrl":"https:\/\/www.consumerdirectcare.com\/wp-content\/uploads\/2025\/06\/contact-banner-mobile.jpg"},{"@type":"BreadcrumbList","@id":"https:\/\/www.consumerdirectcare.com\/online-support\/#breadcrumb","itemListElement":[{"@type":"ListItem","position":1,"name":"Home","item":"https:\/\/www.consumerdirectcare.com\/"},{"@type":"ListItem","position":2,"name":"Online Support"}]},{"@type":"WebSite","@id":"https:\/\/www.consumerdirectcare.com\/#website","url":"https:\/\/www.consumerdirectcare.com\/","name":"Atenci\u00f3n directa al consumidor","description":"","publisher":{"@id":"https:\/\/www.consumerdirectcare.com\/#organization"},"potentialAction":[{"@type":"SearchAction","target":{"@type":"EntryPoint","urlTemplate":"https:\/\/www.consumerdirectcare.com\/?s={search_term_string}"},"query-input":{"@type":"PropertyValueSpecification","valueRequired":true,"valueName":"search_term_string"}}],"inLanguage":"es"},{"@type":"Organization","@id":"https:\/\/www.consumerdirectcare.com\/#organization","name":"Atenci\u00f3n directa al consumidor","url":"https:\/\/www.consumerdirectcare.com\/","logo":{"@type":"ImageObject","inLanguage":"es","@id":"https:\/\/www.consumerdirectcare.com\/#\/schema\/logo\/image\/","url":"https:\/\/www.consumerdirectcare.com\/wp-content\/uploads\/2025\/05\/CDCN-Logo-dark.png","contentUrl":"https:\/\/www.consumerdirectcare.com\/wp-content\/uploads\/2025\/05\/CDCN-Logo-dark.png","width":158,"height":48,"caption":"Consumer Direct Care"},"image":{"@id":"https:\/\/www.consumerdirectcare.com\/#\/schema\/logo\/image\/"}}]}},"_links":{"self":[{"href":"https:\/\/www.consumerdirectcare.com\/es_es\/wp-json\/wp\/v2\/pages\/6840","targetHints":{"allow":["GET"]}}],"collection":[{"href":"https:\/\/www.consumerdirectcare.com\/es_es\/wp-json\/wp\/v2\/pages"}],"about":[{"href":"https:\/\/www.consumerdirectcare.com\/es_es\/wp-json\/wp\/v2\/types\/page"}],"author":[{"embeddable":true,"href":"https:\/\/www.consumerdirectcare.com\/es_es\/wp-json\/wp\/v2\/users\/8"}],"replies":[{"embeddable":true,"href":"https:\/\/www.consumerdirectcare.com\/es_es\/wp-json\/wp\/v2\/comments?post=6840"}],"version-history":[{"count":9,"href":"https:\/\/www.consumerdirectcare.com\/es_es\/wp-json\/wp\/v2\/pages\/6840\/revisions"}],"predecessor-version":[{"id":9274,"href":"https:\/\/www.consumerdirectcare.com\/es_es\/wp-json\/wp\/v2\/pages\/6840\/revisions\/9274"}],"wp:attachment":[{"href":"https:\/\/www.consumerdirectcare.com\/es_es\/wp-json\/wp\/v2\/media?parent=6840"}],"curies":[{"name":"wp","href":"https:\/\/api.w.org\/{rel}","templated":true}]}}