{"id":6816,"date":"2025-08-11T09:40:00","date_gmt":"2025-08-11T09:40:00","guid":{"rendered":"https:\/\/cpuat-wpms-f3dbepfje4etebdn.centralus-01.azurewebsites.net\/?page_id=6816"},"modified":"2025-09-16T08:44:15","modified_gmt":"2025-09-16T08:44:15","slug":"website-accessibility","status":"publish","type":"page","link":"https:\/\/www.consumerdirectcare.com\/es_es\/website-accessibility\/","title":{"rendered":"Accesibilidad del sitio web"},"content":{"rendered":"<h3 class=\"wp-block-heading has-text-align-center heading_spaces_main_heading\">Accesibilidad del sitio web<\/h3>\n\n\n\n<p>La Red de Atenci\u00f3n Directa al Consumidor se compromete a hacer nuestro sitio web accesible a la mayor audiencia posible, incluidas las personas con discapacidad. Para garantizar que todo el mundo pueda acceder al contenido de nuestro sitio, hemos tomado medidas para hacerlo m\u00e1s descriptivo y m\u00e1s navegable mediante el uso de un teclado. Los usuarios pueden utilizar el bot\u00f3n Tab para avanzar y retroceder por las p\u00e1ginas de nuestro sitio.<\/p>\n\n\n\n<p>A medida que evolucionan la tecnolog\u00eda y las herramientas, buscamos continuamente formas de actualizar y mejorar la accesibilidad de nuestro sitio web.<\/p>\n\n\n\n<p>Si tiene problemas de acceso\/funcionalidad o m\u00e1s preguntas, p\u00f3ngase en contacto con <a href=\"tel:888-532-1907\">888-532-1907<\/a>.<\/p>\n\n\n\n<p><\/p>","protected":false},"excerpt":{"rendered":"<p>Accesibilidad del sitio web Consumer Direct Care Network se compromete a hacer nuestro sitio web accesible al p\u00fablico m\u00e1s amplio posible, incluidas las personas con discapacidad. Para garantizar que todo el mundo pueda acceder al contenido de nuestro sitio, hemos tomado medidas para hacerlo m\u00e1s descriptivo y m\u00e1s navegable mediante el uso de un teclado. Los usuarios pueden [...]<\/p>","protected":false},"author":8,"featured_media":0,"parent":0,"menu_order":0,"comment_status":"closed","ping_status":"closed","template":"","meta":{"_acf_changed":false,"footnotes":""},"class_list":["post-6816","page","type-page","status-publish","hentry"],"acf":[],"yoast_head":"<!-- This site is optimized with the Yoast SEO plugin v26.0 - https:\/\/yoast.com\/wordpress\/plugins\/seo\/ -->\n<title>Website Accessibility - Consumer Direct Care<\/title>\n<meta name=\"robots\" content=\"index, follow, max-snippet:-1, max-image-preview:large, max-video-preview:-1\" \/>\n<link rel=\"canonical\" href=\"https:\/\/www.consumerdirectcare.com\/es_es\/website-accessibility\/\" \/>\n<meta property=\"og:locale\" content=\"es_ES\" \/>\n<meta property=\"og:type\" content=\"article\" \/>\n<meta property=\"og:title\" content=\"Website Accessibility - Consumer Direct Care\" \/>\n<meta property=\"og:description\" content=\"Website Accessibility Consumer Direct Care Network is committed to making our website accessible to the widest possible audience, including individuals with disabilities. To ensure everyone can access the content of our site, we have taken steps to make our site more descriptive and more navigable through the use of a keyboard. Users can use the [&hellip;]\" \/>\n<meta property=\"og:url\" content=\"https:\/\/www.consumerdirectcare.com\/es_es\/website-accessibility\/\" \/>\n<meta property=\"og:site_name\" content=\"Consumer Direct Care\" \/>\n<meta property=\"article:modified_time\" content=\"2025-09-16T08:44:15+00:00\" \/>\n<meta name=\"twitter:card\" content=\"summary_large_image\" \/>\n<meta name=\"twitter:label1\" content=\"Tiempo de lectura\" \/>\n\t<meta name=\"twitter:data1\" content=\"1 minuto\" \/>\n<script type=\"application\/ld+json\" class=\"yoast-schema-graph\">{\"@context\":\"https:\/\/schema.org\",\"@graph\":[{\"@type\":\"WebPage\",\"@id\":\"https:\/\/www.consumerdirectcare.com\/website-accessibility\/\",\"url\":\"https:\/\/www.consumerdirectcare.com\/website-accessibility\/\",\"name\":\"Website Accessibility - Consumer Direct Care\",\"isPartOf\":{\"@id\":\"https:\/\/www.consumerdirectcare.com\/#website\"},\"datePublished\":\"2025-08-11T09:40:00+00:00\",\"dateModified\":\"2025-09-16T08:44:15+00:00\",\"breadcrumb\":{\"@id\":\"https:\/\/www.consumerdirectcare.com\/website-accessibility\/#breadcrumb\"},\"inLanguage\":\"es\",\"potentialAction\":[{\"@type\":\"ReadAction\",\"target\":[\"https:\/\/www.consumerdirectcare.com\/website-accessibility\/\"]}]},{\"@type\":\"BreadcrumbList\",\"@id\":\"https:\/\/www.consumerdirectcare.com\/website-accessibility\/#breadcrumb\",\"itemListElement\":[{\"@type\":\"ListItem\",\"position\":1,\"name\":\"Home\",\"item\":\"https:\/\/www.consumerdirectcare.com\/\"},{\"@type\":\"ListItem\",\"position\":2,\"name\":\"Website Accessibility\"}]},{\"@type\":\"WebSite\",\"@id\":\"https:\/\/www.consumerdirectcare.com\/#website\",\"url\":\"https:\/\/www.consumerdirectcare.com\/\",\"name\":\"Consumer Direct Care\",\"description\":\"\",\"publisher\":{\"@id\":\"https:\/\/www.consumerdirectcare.com\/#organization\"},\"potentialAction\":[{\"@type\":\"SearchAction\",\"target\":{\"@type\":\"EntryPoint\",\"urlTemplate\":\"https:\/\/www.consumerdirectcare.com\/?s={search_term_string}\"},\"query-input\":{\"@type\":\"PropertyValueSpecification\",\"valueRequired\":true,\"valueName\":\"search_term_string\"}}],\"inLanguage\":\"es\"},{\"@type\":\"Organization\",\"@id\":\"https:\/\/www.consumerdirectcare.com\/#organization\",\"name\":\"Consumer Direct Care\",\"url\":\"https:\/\/www.consumerdirectcare.com\/\",\"logo\":{\"@type\":\"ImageObject\",\"inLanguage\":\"es\",\"@id\":\"https:\/\/www.consumerdirectcare.com\/#\/schema\/logo\/image\/\",\"url\":\"https:\/\/www.consumerdirectcare.com\/wp-content\/uploads\/2025\/05\/CDCN-Logo-dark.png\",\"contentUrl\":\"https:\/\/www.consumerdirectcare.com\/wp-content\/uploads\/2025\/05\/CDCN-Logo-dark.png\",\"width\":158,\"height\":48,\"caption\":\"Consumer Direct Care\"},\"image\":{\"@id\":\"https:\/\/www.consumerdirectcare.com\/#\/schema\/logo\/image\/\"}}]}<\/script>\n<!-- \/ Yoast SEO plugin. -->","yoast_head_json":{"title":"Accesibilidad del sitio web - Consumer Direct Care","robots":{"index":"index","follow":"follow","max-snippet":"max-snippet:-1","max-image-preview":"max-image-preview:large","max-video-preview":"max-video-preview:-1"},"canonical":"https:\/\/www.consumerdirectcare.com\/es_es\/website-accessibility\/","og_locale":"es_ES","og_type":"article","og_title":"Website Accessibility - Consumer Direct Care","og_description":"Website Accessibility Consumer Direct Care Network is committed to making our website accessible to the widest possible audience, including individuals with disabilities. To ensure everyone can access the content of our site, we have taken steps to make our site more descriptive and more navigable through the use of a keyboard. Users can use the [&hellip;]","og_url":"https:\/\/www.consumerdirectcare.com\/es_es\/website-accessibility\/","og_site_name":"Consumer Direct Care","article_modified_time":"2025-09-16T08:44:15+00:00","twitter_card":"summary_large_image","twitter_misc":{"Tiempo de lectura":"1 minuto"},"schema":{"@context":"https:\/\/schema.org","@graph":[{"@type":"WebPage","@id":"https:\/\/www.consumerdirectcare.com\/website-accessibility\/","url":"https:\/\/www.consumerdirectcare.com\/website-accessibility\/","name":"Accesibilidad del sitio web - Consumer Direct Care","isPartOf":{"@id":"https:\/\/www.consumerdirectcare.com\/#website"},"datePublished":"2025-08-11T09:40:00+00:00","dateModified":"2025-09-16T08:44:15+00:00","breadcrumb":{"@id":"https:\/\/www.consumerdirectcare.com\/website-accessibility\/#breadcrumb"},"inLanguage":"es","potentialAction":[{"@type":"ReadAction","target":["https:\/\/www.consumerdirectcare.com\/website-accessibility\/"]}]},{"@type":"BreadcrumbList","@id":"https:\/\/www.consumerdirectcare.com\/website-accessibility\/#breadcrumb","itemListElement":[{"@type":"ListItem","position":1,"name":"Home","item":"https:\/\/www.consumerdirectcare.com\/"},{"@type":"ListItem","position":2,"name":"Website Accessibility"}]},{"@type":"WebSite","@id":"https:\/\/www.consumerdirectcare.com\/#website","url":"https:\/\/www.consumerdirectcare.com\/","name":"Atenci\u00f3n directa al consumidor","description":"","publisher":{"@id":"https:\/\/www.consumerdirectcare.com\/#organization"},"potentialAction":[{"@type":"SearchAction","target":{"@type":"EntryPoint","urlTemplate":"https:\/\/www.consumerdirectcare.com\/?s={search_term_string}"},"query-input":{"@type":"PropertyValueSpecification","valueRequired":true,"valueName":"search_term_string"}}],"inLanguage":"es"},{"@type":"Organization","@id":"https:\/\/www.consumerdirectcare.com\/#organization","name":"Atenci\u00f3n directa al consumidor","url":"https:\/\/www.consumerdirectcare.com\/","logo":{"@type":"ImageObject","inLanguage":"es","@id":"https:\/\/www.consumerdirectcare.com\/#\/schema\/logo\/image\/","url":"https:\/\/www.consumerdirectcare.com\/wp-content\/uploads\/2025\/05\/CDCN-Logo-dark.png","contentUrl":"https:\/\/www.consumerdirectcare.com\/wp-content\/uploads\/2025\/05\/CDCN-Logo-dark.png","width":158,"height":48,"caption":"Consumer Direct Care"},"image":{"@id":"https:\/\/www.consumerdirectcare.com\/#\/schema\/logo\/image\/"}}]}},"_links":{"self":[{"href":"https:\/\/www.consumerdirectcare.com\/es_es\/wp-json\/wp\/v2\/pages\/6816","targetHints":{"allow":["GET"]}}],"collection":[{"href":"https:\/\/www.consumerdirectcare.com\/es_es\/wp-json\/wp\/v2\/pages"}],"about":[{"href":"https:\/\/www.consumerdirectcare.com\/es_es\/wp-json\/wp\/v2\/types\/page"}],"author":[{"embeddable":true,"href":"https:\/\/www.consumerdirectcare.com\/es_es\/wp-json\/wp\/v2\/users\/8"}],"replies":[{"embeddable":true,"href":"https:\/\/www.consumerdirectcare.com\/es_es\/wp-json\/wp\/v2\/comments?post=6816"}],"version-history":[{"count":0,"href":"https:\/\/www.consumerdirectcare.com\/es_es\/wp-json\/wp\/v2\/pages\/6816\/revisions"}],"wp:attachment":[{"href":"https:\/\/www.consumerdirectcare.com\/es_es\/wp-json\/wp\/v2\/media?parent=6816"}],"curies":[{"name":"wp","href":"https:\/\/api.w.org\/{rel}","templated":true}]}}